{"id":532,"date":"2013-08-11T21:22:53","date_gmt":"2013-08-11T19:22:53","guid":{"rendered":"http:\/\/localhost:8888\/test\/?page_id=532"},"modified":"2026-02-10T22:30:08","modified_gmt":"2026-02-10T21:30:08","slug":"contact-us","status":"publish","type":"page","link":"https:\/\/www.zachsticks.de\/zachsticks\/pages\/contact-us\/","title":{"rendered":"Kontakt"},"content":{"rendered":"\n  <div class=\"banner has-hover\" id=\"banner-1589007699\">\n          <div class=\"banner-inner fill\">\n        <div class=\"banner-bg fill\" 0>\n            <img loading=\"lazy\" decoding=\"async\" width=\"1020\" height=\"383\" src=\"https:\/\/www.zachsticks.de\/wp-content\/uploads\/2016\/06\/The-Powerglider-Zach-2-1600x600.jpg\" class=\"bg attachment-large size-large\" alt=\"\" \/>                                    \n                    <\/div>\n\t\t\n        <div class=\"banner-layers container\">\n            <a class=\"fill\" href=\"#\"><div class=\"fill banner-link\"><\/div><\/a>               <div id=\"text-box-774161123\" class=\"text-box banner-layer x50 md-x50 lg-x50 y50 md-y50 lg-y50 res-text\">\n                     <div data-animate=\"fadeIn\">           <div class=\"text-box-content text dark\">\n              \n              <div class=\"text-inner text-center\">\n                  \n\n              <\/div>\n           <\/div>\n       <\/div>                     \n<style>\n#text-box-774161123 {\n  width: 60%;\n}\n#text-box-774161123 .text-box-content {\n  font-size: 100%;\n}\n@media (min-width:550px) {\n  #text-box-774161123 {\n    width: 50%;\n  }\n}\n<\/style>\n    <\/div>\n         <\/div>\n      <\/div>\n\n            \n<style>\n#banner-1589007699 {\n  padding-top: 300px;\n}\n<\/style>\n  <\/div>\n\n\n\n\n\t<script type=\"text\/javascript\">\n  jQuery( document ).ready(function() {\n    function initialize() {\n        var styles = {\n            'flatsome':  [{\n            \"featureType\": \"administrative\",\n            \"stylers\": [\n              { \"visibility\": \"on\" }\n            ]\n          },\n          {\n            \"featureType\": \"road\",\n            \"stylers\": [\n              { \"visibility\": \"on\" },\n              { \"hue\": \"#58728a\" }\n            ]\n          },\n          {\n            \"stylers\": [\n\t\t\t  { \"visibility\": \"on\" },\n\t\t\t  { \"hue\": \"#58728a\" },\n\t\t\t  { \"saturation\": -30 }\n            ]\n          }\n        ]};\n\n        var myLatlng = new google.maps.LatLng(49.85009, 8.62829);\n        var myOptions = {\n            zoom: 17,\n            center: myLatlng,\n            mapTypeId: google.maps.MapTypeId.ROADMAP,\n            disableDefaultUI: true,\n            mapTypeId: 'flatsome',\n            draggable: true,\n            zoomControl: false,\n            zoomControlOptions: {\n              position: google.maps.ControlPosition.TOP_LEFT\n            },\n      \t\t\tmapTypeControl: false,\n            mapTypeControlOptions: {\n              position: google.maps.ControlPosition.TOP_LEFT\n            },\n      \t\t\tstreetViewControl: false,\n            streetViewControlOptions: {\n              position: google.maps.ControlPosition.TOP_LEFT\n            },\n            scrollwheel: false,\n            disableDoubleClickZoom: true\n        }\n        var map = new google.maps.Map(document.getElementById(\"map-2944617417-inner\"), myOptions);\n        var styledMapType = new google.maps.StyledMapType(styles['flatsome'], {name: 'flatsome'});\n        map.mapTypes.set('flatsome', styledMapType);\n\n        var marker = new google.maps.Marker({\n            position: myLatlng,\n            map: map,\n            title:\"\"\n        });\n    }\n\n    \/\/ Required to proceed\n    if (!(typeof google === 'object' && typeof google.maps === 'object')) {\n      return\n    }\n\n    initialize()\n    google.maps.event.addDomListener(window, 'resize', initialize);\n    });\n    <\/script>\n\n    <div class=\"google-map relative mb\" id=\"map-2944617417\">\n        <div class=\"map-height\" id=\"map-2944617417-inner\"><\/div>\n        <div id=\"map_overlay_top\"><\/div>\n        <div id=\"map_overlay_bottom\"><\/div>\n                  <div class=\"map_inner map-inner last-reset absolute x95 md-x95 lg-x95 y95 md-y95 lg-y95\">\n              \n<h3>Pulverh\u00e4userweg 26, 64295 Darmstadt, Germany<\/h3>\nRuft mich einfach an oder schreibt mir eine Mail.\n\n         <\/div>\n       \n       \n<style>\n#map-2944617417 .map-inner {\n  background-color: #fff;\n  max-width: 30%;\n}\n#map-2944617417 .map-height {\n  height: 400px;\n}\n<\/style>\n    <\/div>\n\n\t\n\n<div class=\"row\"  id=\"row-1898738471\"><\/div>\n\n\n\t<div id=\"col-1705876475\" class=\"col medium-1\/2 large-6\"  >\n\t\t\t\t<div class=\"col-inner\"  >\n\t\t\t\n\t\t\t\n\n<div class=\"container section-title-container\" ><h3 class=\"section-title section-title-normal\"><b aria-hidden=\"true\"><\/b><span class=\"section-title-main\" >FAQ<\/span><b aria-hidden=\"true\"><\/b><\/h3><\/div>\n<p class=\"lead\">Hier habe ich euch Antworten auf h\u00e4ufiggestellte Fragen zusammengestellt:<\/p>\n<div class=\"row\"  id=\"row-807871660\">\r\n\r\n\n\t<div id=\"col-53613105\" class=\"col medium-2\/3 large-8\"  >\n\t\t\t\t<div class=\"col-inner\"  >\n\t\t\t\n\t\t\t\r\n\r\n<div class=\"accordion\">\r\n\r\n\t<div id=\"accordion-2043656823\" class=\"accordion-item\">\n\t\t<a id=\"accordion-2043656823-label\" class=\"accordion-title plain\" href=\"#accordion-item-kann-ich-ein-board-ganz-nach-meinen-w\u00fcnschen-herstellen-lassen?\" aria-expanded=\"false\" aria-controls=\"accordion-2043656823-content\">\n\t\t\t<button class=\"toggle\" aria-label=\"Umschalten\"><i class=\"icon-angle-down\" aria-hidden=\"true\"><\/i><\/button>\n\t\t\t<span>Kann ich ein Board ganz nach meinen W\u00fcnschen herstellen lassen?<\/span>\n\t\t<\/a>\n\t\t<div id=\"accordion-2043656823-content\" class=\"accordion-inner\" aria-labelledby=\"accordion-2043656823-label\">\n\t\t\t\r\n\r\n<p style=\"text-align: justify;\">Selbstverst\u00e4ndlich hast du die M\u00f6glichkeit jedes Board auf dich anpassen zu lassen, oder deinen ganz pers\u00f6nlichen Shape mit zu entwickeln. Zudem hast du die Wahl zwischen diversen Materialien und Herstellungsmethoden.\r\nDes Weiteren kannst du mit mir gemeinsam Farbe in dein Leben bringen, indem du dich f\u00fcr individuelle Farben und Resintints entscheidest.<\/p>\r\n\r\n\t\t<\/div>\n\t<\/div>\n\t\r\n\r\n\t<div id=\"accordion-2875468459\" class=\"accordion-item\">\n\t\t<a id=\"accordion-2875468459-label\" class=\"accordion-title plain\" href=\"#accordion-item-kann-mein-board-mit-der-post\/dhl-verschickt-werden?\" aria-expanded=\"false\" aria-controls=\"accordion-2875468459-content\">\n\t\t\t<button class=\"toggle\" aria-label=\"Umschalten\"><i class=\"icon-angle-down\" aria-hidden=\"true\"><\/i><\/button>\n\t\t\t<span>Kann mein Board mit der Post\/DHL verschickt werden?<\/span>\n\t\t<\/a>\n\t\t<div id=\"accordion-2875468459-content\" class=\"accordion-inner\" aria-labelledby=\"accordion-2875468459-label\">\n\t\t\t\r\n\r\n<p style=\"text-align: justify;\">Prinzipell ist es kein Problem dein Board per Hermes oder DHL zu verschicken. Leider fallen f\u00fcr Verpackung und Lieferung Kosten in H\u00f6he von ungef\u00e4hr 70\u20ac an. Zudem besteht ein geringes Restrisiko f\u00fcr Transportsch\u00e4den, die in der Regel zu einem gewissen Limit versichert sind. Willst du sicher gehen, dass deinem neuen Schatz nichts passiert und dir die Portokosten sparen, bist du herzlich Eingeladen dein Board in meiner Werkstatt abzuholen.<\/p>\r\n\r\n\t\t<\/div>\n\t<\/div>\n\t\r\n\r\n\t<div id=\"accordion-3714056539\" class=\"accordion-item\">\n\t\t<a id=\"accordion-3714056539-label\" class=\"accordion-title plain\" href=\"#accordion-item-wie-verpacke-ich-mein-board-richtig-f\u00fcr-versand\/flug?-\" aria-expanded=\"false\" aria-controls=\"accordion-3714056539-content\">\n\t\t\t<button class=\"toggle\" aria-label=\"Umschalten\"><i class=\"icon-angle-down\" aria-hidden=\"true\"><\/i><\/button>\n\t\t\t<span>Wie verpacke ich mein Board richtig f\u00fcr Versand\/Flug? <\/span>\n\t\t<\/a>\n\t\t<div id=\"accordion-3714056539-content\" class=\"accordion-inner\" aria-labelledby=\"accordion-3714056539-label\">\n\t\t\t\r\n\r\n<p style=\"text-align: justify;\">Der wichtigste Punkt in Sachen Verpackung ist wohl die Polsterung. Vergiss nie, dass dein Surfboard aus k\u00fcnstlichem Glas ist und auch so behandelt werden sollte. Ein gut gepolstertes Boardbag kann einem viel \u00c4rger ersparen. Man sollte immer alle Kanten und Ecken des Surfboards besonders gut abpolstern. Hierf\u00fcr kannst du beim Versand Luftpolsterfolie in Kombination mit Kartonage benutzen.<\/p>\r\n<p style=\"text-align: justify;\">F\u00fcr den Flug bietet es sich an Kleidungsst\u00fccke, Handt\u00fccher sowie deine Neoprenanz\u00fcge als Kantenschutz zu verwenden.<\/p>\r\n\r\n\t\t<\/div>\n\t<\/div>\n\t\r\n\r\n\t<div id=\"accordion-3290837498\" class=\"accordion-item\">\n\t\t<a id=\"accordion-3290837498-label\" class=\"accordion-title plain\" href=\"#accordion-item-kann-ich-mein-board-auch-pers\u00f6nlich-abholen?\" aria-expanded=\"false\" aria-controls=\"accordion-3290837498-content\">\n\t\t\t<button class=\"toggle\" aria-label=\"Umschalten\"><i class=\"icon-angle-down\" aria-hidden=\"true\"><\/i><\/button>\n\t\t\t<span>Kann ich mein Board auch pers\u00f6nlich abholen?<\/span>\n\t\t<\/a>\n\t\t<div id=\"accordion-3290837498-content\" class=\"accordion-inner\" aria-labelledby=\"accordion-3290837498-label\">\n\t\t\t\r\n\r\n<p style=\"text-align: justify;\">Dein Surfboard pers\u00f6nlich in Empfang zu nehmen ist mir am liebsten. Du bist in meiner Werkstatt immer herzlich willkommen. Auf diesem Weg k\u00f6nnen Transportsch\u00e4den weitgehend ausgeschlossen werden. Zudem bekommst du die M\u00f6glichkeit die Geburtsst\u00e4tte deines Surfboards zu besichtigen und tiefere Einblicke in meine Arbeit zu bekommen.<\/p>\r\n\r\n\t\t<\/div>\n\t<\/div>\n\t\r\n\r\n\t<div id=\"accordion-3373210629\" class=\"accordion-item\">\n\t\t<a id=\"accordion-3373210629-label\" class=\"accordion-title plain\" href=\"#accordion-item-wie-lange-dauert-es-bis-ich-mein-board-bekomme?\" aria-expanded=\"false\" aria-controls=\"accordion-3373210629-content\">\n\t\t\t<button class=\"toggle\" aria-label=\"Umschalten\"><i class=\"icon-angle-down\" aria-hidden=\"true\"><\/i><\/button>\n\t\t\t<span>Wie lange dauert es bis ich mein Board bekomme?<\/span>\n\t\t<\/a>\n\t\t<div id=\"accordion-3373210629-content\" class=\"accordion-inner\" aria-labelledby=\"accordion-3373210629-label\">\n\t\t\t\r\n\r\nDie Dauer vom Tag der Bestellung bis zur Abholung des fertigen Produkts sind in der Regel drei bis vier Wochen. Allerdings kann es bei erh\u00f6hter Nachfrage oder sehr kalten Au\u00dfentemperaturen auch mal ein wenig l\u00e4nger dauern, da man zur Kunstharzverarbeitung auf Mindesttemperaturen angewiesen ist. Zudem sollte man Surfboards aus Polyesterharz immer mehrere Wochen nach der Fertigstellung aush\u00e4rten lassen, um die endg\u00fcltige Materialh\u00e4rte abzuwarten.\r\n\r\nBestellst du ein Board was ich auf Lager habe kannst du es schon drei Tage nach Zahlungseingang in Empfang nehmen und auch gleich benutzen.\r\n\r\n\t\t<\/div>\n\t<\/div>\n\t\r\n\r\n\t<div id=\"accordion-3972502023\" class=\"accordion-item\">\n\t\t<a id=\"accordion-3972502023-label\" class=\"accordion-title plain\" href=\"#accordion-item-mein-board-hat-einen-schaden---was-nun?-\" aria-expanded=\"false\" aria-controls=\"accordion-3972502023-content\">\n\t\t\t<button class=\"toggle\" aria-label=\"Umschalten\"><i class=\"icon-angle-down\" aria-hidden=\"true\"><\/i><\/button>\n\t\t\t<span>Mein Board hat einen Schaden - Was nun? <\/span>\n\t\t<\/a>\n\t\t<div id=\"accordion-3972502023-content\" class=\"accordion-inner\" aria-labelledby=\"accordion-3972502023-label\">\n\t\t\t\r\n\r\n<p style=\"text-align: justify;\">Nat\u00fcrlich kannst du versuchen den Schaden selbst zu beheben. Dies ist besonders wichtig wenn du gerade auf einem Surftrip bist und das Board gerne weiterbenutzen m\u00f6chtest. Dazu kannst du zum Beispiel ZachSticks Dingrepairkit oder auch Aluminiumtape und Solarez verwenden.<\/p>\r\n<p style=\"text-align: justify;\">Solltest du auf eine fachliche Reparatur wert legen, dann kontaktiere mich einfach per Mail oder Telefon. Oftmals kann man Surfboards so gut reparieren, dass man die Schadstelle danach kaum noch erkennt. Prinzipiell ist nahezu jeder Schaden reparabel. Um den Aufwand und den damit verbundenen Preis absch\u00e4tzen zu k\u00f6nnen ist es sinnvoll mir erst Bilder der Schadstellen zukommen zu lassen. Innerhalb von zwei Tagen schicke ich dir ein unverbindliches Angebot. Dann bleibt es dir \u00fcberlassen, ob du das Board pers\u00f6nlich vorbeibringst oder es per Post an mich versendest.<\/p>\r\n\r\n\t\t<\/div>\n\t<\/div>\n\t\r\n\r\n<\/div>\r\n\r\n\t\t<\/div>\n\t\t\t\t\t<\/div>\n\n\t\r\n\r\n\n\t<div id=\"col-1945145470\" class=\"col medium-1\/3 large-4\"  >\n\t\t\t\t<div class=\"col-inner\"  >\n\t\t\t\n\t\t\t\r\n\r\n\t\t<\/div>\n\t\t\t\t\t<\/div>\n\n\t\r\n\r\n<\/div>\n\n\t\t<\/div>\n\t\t\t\t\t<\/div>\n\n\t\n\n\n\t<div id=\"col-1775881227\" class=\"col medium-1\/2 large-6\"  >\n\t\t\t\t<div class=\"col-inner\"  >\n\t\t\t\n\t\t\t\n\n[ninja_forms id=1]\n\n\t\t<\/div>\n\t\t\t\t\t<\/div>\n\n\t","protected":false},"excerpt":{"rendered":"","protected":false},"author":1,"featured_media":0,"parent":519,"menu_order":0,"comment_status":"closed","ping_status":"closed","template":"page-blank.php","meta":{"footnotes":""},"class_list":["post-532","page","type-page","status-publish","hentry"],"_links":{"self":[{"href":"https:\/\/www.zachsticks.de\/zachsticks\/wp-json\/wp\/v2\/pages\/532","targetHints":{"allow":["GET"]}}],"collection":[{"href":"https:\/\/www.zachsticks.de\/zachsticks\/wp-json\/wp\/v2\/pages"}],"about":[{"href":"https:\/\/www.zachsticks.de\/zachsticks\/wp-json\/wp\/v2\/types\/page"}],"author":[{"embeddable":true,"href":"https:\/\/www.zachsticks.de\/zachsticks\/wp-json\/wp\/v2\/users\/1"}],"replies":[{"embeddable":true,"href":"https:\/\/www.zachsticks.de\/zachsticks\/wp-json\/wp\/v2\/comments?post=532"}],"version-history":[{"count":0,"href":"https:\/\/www.zachsticks.de\/zachsticks\/wp-json\/wp\/v2\/pages\/532\/revisions"}],"up":[{"embeddable":true,"href":"https:\/\/www.zachsticks.de\/zachsticks\/wp-json\/wp\/v2\/pages\/519"}],"wp:attachment":[{"href":"https:\/\/www.zachsticks.de\/zachsticks\/wp-json\/wp\/v2\/media?parent=532"}],"curies":[{"name":"wp","href":"https:\/\/api.w.org\/{rel}","templated":true}]}}