{"id":3328,"date":"2016-11-02T19:42:35","date_gmt":"2016-11-02T18:42:35","guid":{"rendered":"http:\/\/zachsticks.de\/zachsticks\/?page_id=3328"},"modified":"2026-02-11T23:04:45","modified_gmt":"2026-02-11T22:04:45","slug":"anleitung-dingrepair","status":"publish","type":"page","link":"https:\/\/www.zachsticks.de\/zachsticks\/anleitung-dingrepair\/","title":{"rendered":"Anleitung Dingrepair"},"content":{"rendered":"<div class=\"row\"  id=\"row-1930488396\">\r\n\r\n\n\t<div id=\"col-1427430217\" class=\"col medium-1\/2 large-6\"  >\n\t\t\t\t<div class=\"col-inner\"  >\n\t\t\t\n\t\t\t\r\n\r\n<h3>Hier ein kurzes Dingrepair-Tutorial.<\/h3>\r\n<p style=\"text-align: justify;\">Es kann immer wieder passieren das dein Surfboard eine Macke abbekommt. Im folgenden zeige ich wie man diese mit etwas handwerklichem Geschick leicht selbst beheben kann.<\/p>\r\n\r\n\t\t<\/div>\n\t\t\t\t\t<\/div>\n\n\t\r\n\r\n\n\t<div id=\"col-1710763274\" class=\"col medium-1\/2 large-6\"  >\n\t\t\t\t<div class=\"col-inner\"  >\n\t\t\t\n\t\t\t\r\n\r\n\t\t<\/div>\n\t\t\t\t\t<\/div>\n\n\t\r\n\r\n<\/div>\r\n\r\n<div class=\"is-divider divider clearfix\" style=\"max-width:100%;\"><\/div>\r\n\r\n<div class=\"row\"  id=\"row-865625891\">\r\n\r\n\n\t<div id=\"col-514975082\" class=\"col medium-1\/3 large-4\"  >\n\t\t\t\t<div class=\"col-inner\"  >\n\t\t\t\n\t\t\t\r\n\r\n\t<div class=\"img has-hover x md-x lg-x y md-y lg-y\" id=\"image_353637681\">\n\t\t\t\t\t\t\t\t<div class=\"img-inner dark\" >\n\t\t\t<img loading=\"lazy\" decoding=\"async\" width=\"800\" height=\"653\" src=\"https:\/\/www.zachsticks.de\/wp-content\/uploads\/2013\/12\/Zach-working-14small-800x653.jpg\" class=\"attachment-medium size-medium\" alt=\"\" srcset=\"https:\/\/www.zachsticks.de\/wp-content\/uploads\/2013\/12\/Zach-working-14small-800x653.jpg 800w, https:\/\/www.zachsticks.de\/wp-content\/uploads\/2013\/12\/Zach-working-14small-600x490.jpg 600w, https:\/\/www.zachsticks.de\/wp-content\/uploads\/2013\/12\/Zach-working-14small-240x196.jpg 240w, https:\/\/www.zachsticks.de\/wp-content\/uploads\/2013\/12\/Zach-working-14small.jpg 1553w\" sizes=\"auto, (max-width: 800px) 100vw, 800px\" \/>\t\t\t\t\t\t\n\t\t\t\t\t<\/div>\n\t\t\t\t\t\t\t\t\n<style>\n#image_353637681 {\n  width: 100%;\n}\n<\/style>\n\t<\/div>\n\t\r\n\r\n<div class=\"is-divider divider clearfix\" style=\"max-width:small;\"><\/div>\r\n\r\n<h3>Schritt 1<\/h3>\r\nUnd zwar schleifst du die zu reparierende Stelle mit Papier 80 an, bis du auf die Faser triffst (Faserstruktur wird sichtbar).\r\n\r\n\t\t<\/div>\n\t\t\t\t\t<\/div>\n\n\t\r\n\r\n\n\t<div id=\"col-1692579971\" class=\"col medium-1\/3 large-4\"  >\n\t\t\t\t<div class=\"col-inner\"  >\n\t\t\t\n\t\t\t\r\n\r\n\t<div class=\"img has-hover x md-x lg-x y md-y lg-y\" id=\"image_1883046126\">\n\t\t\t\t\t\t\t\t<div class=\"img-inner dark\" >\n\t\t\t<img loading=\"lazy\" decoding=\"async\" width=\"800\" height=\"653\" src=\"https:\/\/www.zachsticks.de\/wp-content\/uploads\/2013\/12\/Zach-working-14small-800x653.jpg\" class=\"attachment-medium size-medium\" alt=\"\" srcset=\"https:\/\/www.zachsticks.de\/wp-content\/uploads\/2013\/12\/Zach-working-14small-800x653.jpg 800w, https:\/\/www.zachsticks.de\/wp-content\/uploads\/2013\/12\/Zach-working-14small-600x490.jpg 600w, https:\/\/www.zachsticks.de\/wp-content\/uploads\/2013\/12\/Zach-working-14small-240x196.jpg 240w, https:\/\/www.zachsticks.de\/wp-content\/uploads\/2013\/12\/Zach-working-14small.jpg 1553w\" sizes=\"auto, (max-width: 800px) 100vw, 800px\" \/>\t\t\t\t\t\t\n\t\t\t\t\t<\/div>\n\t\t\t\t\t\t\t\t\n<style>\n#image_1883046126 {\n  width: 100%;\n}\n<\/style>\n\t<\/div>\n\t\r\n\r\n<div class=\"is-divider divider clearfix\" style=\"max-width:small;\"><\/div>\r\n\r\n<h3>Schritt 2<\/h3>\r\nAnschlie\u00dfend schneidest du ein Glasfaserst\u00fcck so gro\u00df zu, dass es die zu reparierende Stelle gut bedeckt und gleichzeitig aber nicht gr\u00f6\u00dfer ist als der angeschliffene Bereich.\r\n\r\n\t\t<\/div>\n\t\t\t\t\t<\/div>\n\n\t\r\n\r\n\n\t<div id=\"col-824270524\" class=\"col medium-1\/3 large-4\"  >\n\t\t\t\t<div class=\"col-inner\"  >\n\t\t\t\n\t\t\t\r\n\r\n\t<div class=\"img has-hover x md-x lg-x y md-y lg-y\" id=\"image_1190562937\">\n\t\t\t\t\t\t\t\t<div class=\"img-inner dark\" >\n\t\t\t<img loading=\"lazy\" decoding=\"async\" width=\"800\" height=\"653\" src=\"https:\/\/www.zachsticks.de\/wp-content\/uploads\/2013\/12\/Zach-working-14small-800x653.jpg\" class=\"attachment-medium size-medium\" alt=\"\" srcset=\"https:\/\/www.zachsticks.de\/wp-content\/uploads\/2013\/12\/Zach-working-14small-800x653.jpg 800w, https:\/\/www.zachsticks.de\/wp-content\/uploads\/2013\/12\/Zach-working-14small-600x490.jpg 600w, https:\/\/www.zachsticks.de\/wp-content\/uploads\/2013\/12\/Zach-working-14small-240x196.jpg 240w, https:\/\/www.zachsticks.de\/wp-content\/uploads\/2013\/12\/Zach-working-14small.jpg 1553w\" sizes=\"auto, (max-width: 800px) 100vw, 800px\" \/>\t\t\t\t\t\t\n\t\t\t\t\t<\/div>\n\t\t\t\t\t\t\t\t\n<style>\n#image_1190562937 {\n  width: 100%;\n}\n<\/style>\n\t<\/div>\n\t\r\n\r\n<div class=\"is-divider divider clearfix\" style=\"max-width:small;\"><\/div>\r\n\r\n<h3>Schritt 3<\/h3>\r\nDann tr\u00e4gst du in einem Raum ohne UV-Lichteinstrahlung ein wenig von dem Polyesterharz auf die Matte auf, die du zuvor auf deine Reparaturstelle gelegt hast, und wartest bis sie sich tr\u00e4nkt und transparent wird. Doch nicht zu viel Harz nehmen, sonst &#8222;schwimmt &#8220; dein Flicken.\r\n<strong>Tipp:<\/strong> Die Faserstruktur sollte erkennbar bleiben.\r\n\r\n\t\t<\/div>\n\t\t\t\t\t<\/div>\n\n\t\r\n\r\n<\/div>\r\n\r\n<div class=\"row\"  id=\"row-285622536\">\r\n\r\n\n\t<div id=\"col-1972691768\" class=\"col medium-1\/3 large-4\"  >\n\t\t\t\t<div class=\"col-inner\"  >\n\t\t\t\n\t\t\t\r\n\r\n\t<div class=\"img has-hover x md-x lg-x y md-y lg-y\" id=\"image_50317090\">\n\t\t\t\t\t\t\t\t<div class=\"img-inner dark\" >\n\t\t\t<img loading=\"lazy\" decoding=\"async\" width=\"800\" height=\"653\" src=\"https:\/\/www.zachsticks.de\/wp-content\/uploads\/2013\/12\/Zach-working-14small-800x653.jpg\" class=\"attachment-medium size-medium\" alt=\"\" srcset=\"https:\/\/www.zachsticks.de\/wp-content\/uploads\/2013\/12\/Zach-working-14small-800x653.jpg 800w, https:\/\/www.zachsticks.de\/wp-content\/uploads\/2013\/12\/Zach-working-14small-600x490.jpg 600w, https:\/\/www.zachsticks.de\/wp-content\/uploads\/2013\/12\/Zach-working-14small-240x196.jpg 240w, https:\/\/www.zachsticks.de\/wp-content\/uploads\/2013\/12\/Zach-working-14small.jpg 1553w\" sizes=\"auto, (max-width: 800px) 100vw, 800px\" \/>\t\t\t\t\t\t\n\t\t\t\t\t<\/div>\n\t\t\t\t\t\t\t\t\n<style>\n#image_50317090 {\n  width: 100%;\n}\n<\/style>\n\t<\/div>\n\t\r\n\r\n<div class=\"is-divider divider clearfix\" style=\"max-width:small;\"><\/div>\r\n\r\n<h3>Schritt 4<\/h3>\r\nDann wartest du noch ca. f\u00fcnf Minuten um dem Paraffin, das sich im Harz befindet, Zeit zu lassen an die Oberfl\u00e4che zu gelangen. Anschlie\u00dfend h\u00e4ltst du das Board f\u00fcr ca. 15min. in die Sonne und wartest so lange, bis sich die Stelle vollkommen trocken und hart anf\u00fchlt.\r\n\r\n\t\t<\/div>\n\t\t\t\t\t<\/div>\n\n\t\r\n\r\n\n\t<div id=\"col-521977099\" class=\"col medium-1\/3 large-4\"  >\n\t\t\t\t<div class=\"col-inner\"  >\n\t\t\t\n\t\t\t\r\n\r\n\t<div class=\"img has-hover x md-x lg-x y md-y lg-y\" id=\"image_1101524486\">\n\t\t\t\t\t\t\t\t<div class=\"img-inner dark\" >\n\t\t\t<img loading=\"lazy\" decoding=\"async\" width=\"800\" height=\"653\" src=\"https:\/\/www.zachsticks.de\/wp-content\/uploads\/2013\/12\/Zach-working-14small-800x653.jpg\" class=\"attachment-medium size-medium\" alt=\"\" srcset=\"https:\/\/www.zachsticks.de\/wp-content\/uploads\/2013\/12\/Zach-working-14small-800x653.jpg 800w, https:\/\/www.zachsticks.de\/wp-content\/uploads\/2013\/12\/Zach-working-14small-600x490.jpg 600w, https:\/\/www.zachsticks.de\/wp-content\/uploads\/2013\/12\/Zach-working-14small-240x196.jpg 240w, https:\/\/www.zachsticks.de\/wp-content\/uploads\/2013\/12\/Zach-working-14small.jpg 1553w\" sizes=\"auto, (max-width: 800px) 100vw, 800px\" \/>\t\t\t\t\t\t\n\t\t\t\t\t<\/div>\n\t\t\t\t\t\t\t\t\n<style>\n#image_1101524486 {\n  width: 100%;\n}\n<\/style>\n\t<\/div>\n\t\r\n\r\n<div class=\"is-divider divider clearfix\" style=\"max-width:small;\"><\/div>\r\n\r\n<h3>Schritt 5<\/h3>\r\nAnschlie\u00dfend kannst du alles mit Papier 80 sch\u00f6n b\u00fcndig schleifen, so dass alles vollkommen glatt ist. Aber nicht durchschleifen!\r\n\r\n\t\t<\/div>\n\t\t\t\t\t<\/div>\n\n\t\r\n\r\n\n\t<div id=\"col-132646546\" class=\"col medium-1\/3 large-4\"  >\n\t\t\t\t<div class=\"col-inner\"  >\n\t\t\t\n\t\t\t\r\n\r\n\t<div class=\"img has-hover x md-x lg-x y md-y lg-y\" id=\"image_1016545047\">\n\t\t\t\t\t\t\t\t<div class=\"img-inner dark\" >\n\t\t\t<img loading=\"lazy\" decoding=\"async\" width=\"800\" height=\"653\" src=\"https:\/\/www.zachsticks.de\/wp-content\/uploads\/2013\/12\/Zach-working-14small-800x653.jpg\" class=\"attachment-medium size-medium\" alt=\"\" srcset=\"https:\/\/www.zachsticks.de\/wp-content\/uploads\/2013\/12\/Zach-working-14small-800x653.jpg 800w, https:\/\/www.zachsticks.de\/wp-content\/uploads\/2013\/12\/Zach-working-14small-600x490.jpg 600w, https:\/\/www.zachsticks.de\/wp-content\/uploads\/2013\/12\/Zach-working-14small-240x196.jpg 240w, https:\/\/www.zachsticks.de\/wp-content\/uploads\/2013\/12\/Zach-working-14small.jpg 1553w\" sizes=\"auto, (max-width: 800px) 100vw, 800px\" \/>\t\t\t\t\t\t\n\t\t\t\t\t<\/div>\n\t\t\t\t\t\t\t\t\n<style>\n#image_1016545047 {\n  width: 100%;\n}\n<\/style>\n\t<\/div>\n\t\r\n\r\n<div class=\"is-divider divider clearfix\" style=\"max-width:small;\"><\/div>\r\n\r\n<h3>Schritt 6<\/h3>\r\nDann kommt nochmal eine d\u00fcnne Schicht Harz dr\u00fcber. Wieder in der Sonne aush\u00e4rten lassen und fertig.\r\n\r\n\t\t<\/div>\n\t\t\t\t\t<\/div>\n\n\t\r\n\r\n<\/div>\r\n\r\n<div class=\"row\"  id=\"row-1477614164\">\r\n\r\n\n\t<div id=\"col-2060681647\" class=\"col medium-1\/3 large-4\"  >\n\t\t\t\t<div class=\"col-inner\"  >\n\t\t\t\n\t\t\t\r\n\r\n\t<div class=\"img has-hover x md-x lg-x y md-y lg-y\" id=\"image_1152569845\">\n\t\t\t\t\t\t\t\t<div class=\"img-inner dark\" >\n\t\t\t<img loading=\"lazy\" decoding=\"async\" width=\"800\" height=\"653\" src=\"https:\/\/www.zachsticks.de\/wp-content\/uploads\/2013\/12\/Zach-working-14small-800x653.jpg\" class=\"attachment-medium size-medium\" alt=\"\" srcset=\"https:\/\/www.zachsticks.de\/wp-content\/uploads\/2013\/12\/Zach-working-14small-800x653.jpg 800w, https:\/\/www.zachsticks.de\/wp-content\/uploads\/2013\/12\/Zach-working-14small-600x490.jpg 600w, https:\/\/www.zachsticks.de\/wp-content\/uploads\/2013\/12\/Zach-working-14small-240x196.jpg 240w, https:\/\/www.zachsticks.de\/wp-content\/uploads\/2013\/12\/Zach-working-14small.jpg 1553w\" sizes=\"auto, (max-width: 800px) 100vw, 800px\" \/>\t\t\t\t\t\t\n\t\t\t\t\t<\/div>\n\t\t\t\t\t\t\t\t\n<style>\n#image_1152569845 {\n  width: 100%;\n}\n<\/style>\n\t<\/div>\n\t\r\n\r\n<div class=\"is-divider divider clearfix\" style=\"max-width:small;\"><\/div>\r\n\r\n<h3>Schritt 7<\/h3>\r\nBei bedarf kannst du nochmal mit 180 oder 240 schleifen, um ein sch\u00f6neres Finish zu erhalten.\r\nIch hoffe, dass war verst\u00e4ndlich. Wenn nicht frag mich einfach noch mal.\r\n\r\n\t\t<\/div>\n\t\t\t\t\t<\/div>\n\n\t\r\n\r\n<\/div>","protected":false},"excerpt":{"rendered":"","protected":false},"author":1,"featured_media":0,"parent":0,"menu_order":0,"comment_status":"closed","ping_status":"closed","template":"","meta":{"footnotes":""},"class_list":["post-3328","page","type-page","status-publish","hentry"],"_links":{"self":[{"href":"https:\/\/www.zachsticks.de\/zachsticks\/wp-json\/wp\/v2\/pages\/3328","targetHints":{"allow":["GET"]}}],"collection":[{"href":"https:\/\/www.zachsticks.de\/zachsticks\/wp-json\/wp\/v2\/pages"}],"about":[{"href":"https:\/\/www.zachsticks.de\/zachsticks\/wp-json\/wp\/v2\/types\/page"}],"author":[{"embeddable":true,"href":"https:\/\/www.zachsticks.de\/zachsticks\/wp-json\/wp\/v2\/users\/1"}],"replies":[{"embeddable":true,"href":"https:\/\/www.zachsticks.de\/zachsticks\/wp-json\/wp\/v2\/comments?post=3328"}],"version-history":[{"count":0,"href":"https:\/\/www.zachsticks.de\/zachsticks\/wp-json\/wp\/v2\/pages\/3328\/revisions"}],"wp:attachment":[{"href":"https:\/\/www.zachsticks.de\/zachsticks\/wp-json\/wp\/v2\/media?parent=3328"}],"curies":[{"name":"wp","href":"https:\/\/api.w.org\/{rel}","templated":true}]}}