{"id":3078,"date":"2016-07-14T17:45:48","date_gmt":"2016-07-14T15:45:48","guid":{"rendered":"http:\/\/zachsticks.de\/zachsticks\/?page_id=3078"},"modified":"2016-07-14T18:41:09","modified_gmt":"2016-07-14T16:41:09","slug":"moeglichkeiten","status":"publish","type":"page","link":"https:\/\/www.zachsticks.de\/zachsticks\/moeglichkeiten\/","title":{"rendered":"Zachs Welt der M\u00f6glichkeiten"},"content":{"rendered":"<div class=\"row\"  id=\"row-2111184957\">\r\n\r\n\n\t<div id=\"col-749333756\" class=\"col medium-1\/2 large-6\"  >\n\t\t\t\t<div class=\"col-inner\"  >\n\t\t\t\n\t\t\t\r\n\r\n\t<div class=\"img has-hover x md-x lg-x y md-y lg-y\" id=\"image_989654881\">\n\t\t\t\t\t\t\t\t<div class=\"img-inner dark\" >\n\t\t\t<img loading=\"lazy\" decoding=\"async\" width=\"1020\" height=\"680\" src=\"https:\/\/www.zachsticks.de\/wp-content\/uploads\/2013\/12\/Zach-in-Boris-Shop-7-1600x1067.jpg\" class=\"attachment-large size-large\" alt=\"\" srcset=\"https:\/\/www.zachsticks.de\/wp-content\/uploads\/2013\/12\/Zach-in-Boris-Shop-7-1600x1067.jpg 1600w, https:\/\/www.zachsticks.de\/wp-content\/uploads\/2013\/12\/Zach-in-Boris-Shop-7-800x533.jpg 800w, https:\/\/www.zachsticks.de\/wp-content\/uploads\/2013\/12\/Zach-in-Boris-Shop-7-600x400.jpg 600w, https:\/\/www.zachsticks.de\/wp-content\/uploads\/2013\/12\/Zach-in-Boris-Shop-7-240x160.jpg 240w, https:\/\/www.zachsticks.de\/wp-content\/uploads\/2013\/12\/Zach-in-Boris-Shop-7.jpg 1900w\" sizes=\"auto, (max-width: 1020px) 100vw, 1020px\" \/>\t\t\t\t\t\t\n\t\t\t\t\t<\/div>\n\t\t\t\t\t\t\t\t\n<style>\n#image_989654881 {\n  width: 100%;\n}\n<\/style>\n\t<\/div>\n\t\r\n\r\n\t\t<\/div>\n\t\t\t\t\t<\/div>\n\n\t\r\n\r\n\n\t<div id=\"col-349511910\" class=\"col medium-1\/2 large-6\"  >\n\t\t\t\t<div class=\"col-inner\"  >\n\t\t\t\n\t\t\t\r\n\r\n<h2>Zachsticks Welt der M\u00f6glichkeiten<\/h2>\r\n<p style=\"text-align: justify;\">Es gibt viele M\u00f6glichkeiten ein Surfboard herzustellen, dabei kommen je nach Vorliebe und Anwendungszweck verschiedene Materialien und Shapes zum Einsatz. Angefangen bei den unterschiedlichen Materialien des Rohlings (Blanc) und der diversen Faserverbundstoffe bis zur Bestimmung einer individuellen Form (Shape), sowie den M\u00f6glichkeiten des optischen Designs sind sehr viele Kombinationen unterschiedlichster Art und Weise m\u00f6glich und vom Kunden w\u00e4hlbar.<\/p>\r\n\r\n\t\t<\/div>\n\t\t\t\t\t<\/div>\n\n\t\r\n\r\n\n\t<div id=\"col-1177831625\" class=\"col medium-1\/1 large-12\"  >\n\t\t\t\t<div class=\"col-inner\"  >\n\t\t\t\n\t\t\t\r\n\r\n<div class=\"is-divider divider clearfix\" ><\/div>\r\n\r\n\t\t<\/div>\n\t\t\t\t\t<\/div>\n\n\t\r\n\r\n<\/div>\r\n\r\n<div class=\"row\"  id=\"row-397504023\">\r\n\r\n\n\t<div id=\"col-1539673201\" class=\"col medium-1\/2 large-6\"  >\n\t\t\t\t<div class=\"col-inner\"  >\n\t\t\t\n\t\t\t\r\n\r\n<h2>Die verschiedenen Kernmaterialien des Surfboads<\/h2>\r\n<p style=\"text-align: justify;\">Der Kern ist die Matrix aus der ein Shape entsteht und k\u00f6nnte somit als \u201eSeele\u201c des Surfboards bezeichnet werden. Zu unterscheiden ist prinzipiell zwischen Surfboards aus Polyurethanschaum, EPS-Schaum und Balsaholz. Aus diesen drei Kernmaterialien werden schon seit Jahren Surfboards f\u00fcr diverse Anwendungsbereiche und Vorlieben des Benutzers hergestellt.<\/p>\r\n<p style=\"text-align: justify;\">Die wohl am weitesten verbreitete und unter den Shapern als traditionelle Bauweise bekannte, ist aus Polyurethanschaum, der in der Regel mit einer Kombination aus Glasfaser und Polyesterharz beschichtet wird. In diesem klassischen Verfahren werden seit den f\u00fcnfziger Jahren bis zum heutigen Tage weltweit die meisten Surfboards hergestellt.<\/p>\r\n<p style=\"text-align: justify;\">Die zweite, modernere M\u00f6glichkeit ist die Verwendung von EPS (expandiertem Polystyrol)-Schaum als Kernmaterial. Leider l\u00e4sst sich dieser Schaum nicht ganz so einfach verarbeiten, wie PU-Schaum, doch ist seine Herstellung wesentlich umweltschonender. Zudem ist er nicht L\u00f6semittelbest\u00e4ndig, was die Verwendung von Epoxydharz zur Beschichtung notwendig macht. Durch die enorme Weiterentwicklung in der Epoxydharztechnologie sind diese als so genannte \u201eBioharze\u201c auf dem Markt zu finden. Sie werden nicht wie Polyesterharz aus Erd\u00f6l, sondern aus organischen Pflanzenteilen gewonnen. Was die mechanische und chemische Best\u00e4ndigkeit angeht sind Epoxydharze von Resin Research oder Entrophy Resin den Polyesterharzen heutzutage weit \u00fcberlegen. Der wesentliche Nachteil ist einzig der drei- bis viermal so hohe Preis im Einkauf.<\/p>\r\n<p style=\"text-align: justify;\">Eine weitere und die \u00e4lteste Methode, ist die Herstellung eines Surfboards aus Balsaholz. Die Liebe zum Werkstoff Holz erkl\u00e4rt meine Leidenschaft f\u00fcr diese etwas aufwendigere Bauweise. Hierbei stelle ich zun\u00e4chst einen massiven Rohling mit der gew\u00fcnschten Aufbiegung her und bearbeite diesen in gleicher Weise, wie einen Schaumkern. Allerdings muss ich aufgrund der h\u00f6heren Festigkeit hierbei verst\u00e4rkt auf elektronische Handwerkzeuge zur\u00fcckgreifen. Wenn der \u201eShape\u201c grob fertig ist, wird das Surfboard der L\u00e4nge nach in mehrere Teile getrennt und ausgeh\u00f6hlt. Hierbei entstehen wabenf\u00f6rmige Hohlr\u00e4ume im Innern, die zu einer erheblichen Gewichtsreduktion beitragen. Anschlie\u00dfend wird das Ganze wieder verleimt und fertig geshaped. Die Laminierung kann wahlweise mit Polyester- oder Epoxydharz erfolgen. Die Glasfaserbeschichtung dient in diesem Fall nicht der Stabilisierung, sondern wird lediglich aufgrund der Seetauglichkeit ben\u00f6tigt. Dies erm\u00f6glicht einen extrem d\u00fcnnen Laminataufbau. Der wohl gr\u00f6\u00dfte Vorteil dieser Bauweise ist die nahezu uneingeschr\u00e4nkte Lebensdauer des Surfboards und die extreme Robustheit.<\/p>\r\n\r\n\t\t<\/div>\n\t\t\t\t\t<\/div>\n\n\t\r\n\r\n\n\t<div id=\"col-1441009567\" class=\"col medium-1\/2 large-6\"  >\n\t\t\t\t<div class=\"col-inner\"  >\n\t\t\t\n\t\t\t\r\n\r\n\t<div class=\"img has-hover x md-x lg-x y md-y lg-y\" id=\"image_75041280\">\n\t\t\t\t\t\t\t\t<div class=\"img-inner dark\" >\n\t\t\t<img loading=\"lazy\" decoding=\"async\" width=\"800\" height=\"1345\" src=\"https:\/\/www.zachsticks.de\/wp-content\/uploads\/2013\/12\/29x.jpg\" class=\"attachment-large size-large\" alt=\"\" srcset=\"https:\/\/www.zachsticks.de\/wp-content\/uploads\/2013\/12\/29x.jpg 800w, https:\/\/www.zachsticks.de\/wp-content\/uploads\/2013\/12\/29x-476x800.jpg 476w, https:\/\/www.zachsticks.de\/wp-content\/uploads\/2013\/12\/29x-600x1009.jpg 600w, https:\/\/www.zachsticks.de\/wp-content\/uploads\/2013\/12\/29x-143x240.jpg 143w\" sizes=\"auto, (max-width: 800px) 100vw, 800px\" \/>\t\t\t\t\t\t\n\t\t\t\t\t<\/div>\n\t\t\t\t\t\t\t\t\n<style>\n#image_75041280 {\n  width: 100%;\n}\n<\/style>\n\t<\/div>\n\t\r\n\r\n\t\t<\/div>\n\t\t\t\t\t<\/div>\n\n\t\r\n\r\n\n\t<div id=\"col-510475974\" class=\"col medium-1\/1 large-12\"  >\n\t\t\t\t<div class=\"col-inner\"  >\n\t\t\t\n\t\t\t\r\n\r\n<div class=\"is-divider divider clearfix\" ><\/div>\r\n\r\n\t\t<\/div>\n\t\t\t\t\t<\/div>\n\n\t\r\n\r\n<\/div>\n","protected":false},"excerpt":{"rendered":"","protected":false},"author":1,"featured_media":0,"parent":0,"menu_order":0,"comment_status":"closed","ping_status":"closed","template":"page-blank-container.php","meta":{"footnotes":""},"class_list":["post-3078","page","type-page","status-publish","hentry"],"_links":{"self":[{"href":"https:\/\/www.zachsticks.de\/zachsticks\/wp-json\/wp\/v2\/pages\/3078","targetHints":{"allow":["GET"]}}],"collection":[{"href":"https:\/\/www.zachsticks.de\/zachsticks\/wp-json\/wp\/v2\/pages"}],"about":[{"href":"https:\/\/www.zachsticks.de\/zachsticks\/wp-json\/wp\/v2\/types\/page"}],"author":[{"embeddable":true,"href":"https:\/\/www.zachsticks.de\/zachsticks\/wp-json\/wp\/v2\/users\/1"}],"replies":[{"embeddable":true,"href":"https:\/\/www.zachsticks.de\/zachsticks\/wp-json\/wp\/v2\/comments?post=3078"}],"version-history":[{"count":0,"href":"https:\/\/www.zachsticks.de\/zachsticks\/wp-json\/wp\/v2\/pages\/3078\/revisions"}],"wp:attachment":[{"href":"https:\/\/www.zachsticks.de\/zachsticks\/wp-json\/wp\/v2\/media?parent=3078"}],"curies":[{"name":"wp","href":"https:\/\/api.w.org\/{rel}","templated":true}]}}