{"id":3071,"date":"2016-07-14T17:41:41","date_gmt":"2016-07-14T15:41:41","guid":{"rendered":"http:\/\/zachsticks.de\/zachsticks\/?page_id=3071"},"modified":"2016-07-14T18:39:21","modified_gmt":"2016-07-14T16:39:21","slug":"farben","status":"publish","type":"page","link":"https:\/\/www.zachsticks.de\/zachsticks\/farben\/","title":{"rendered":"Zachs Welt der Farben"},"content":{"rendered":"<div class=\"row\"  id=\"row-1440974896\">\r\n\r\n\n\t<div id=\"col-703644211\" class=\"col medium-1\/2 large-6\"  >\n\t\t\t\t<div class=\"col-inner\"  >\n\t\t\t\n\t\t\t\r\n\r\n\t<div class=\"img has-hover x md-x lg-x y md-y lg-y\" id=\"image_796062945\">\n\t\t\t\t\t\t\t\t<div class=\"img-inner dark\" >\n\t\t\t<img loading=\"lazy\" decoding=\"async\" width=\"600\" height=\"1248\" src=\"https:\/\/www.zachsticks.de\/wp-content\/uploads\/2013\/12\/22bxhoch.jpg\" class=\"attachment-large size-large\" alt=\"\" srcset=\"https:\/\/www.zachsticks.de\/wp-content\/uploads\/2013\/12\/22bxhoch.jpg 600w, https:\/\/www.zachsticks.de\/wp-content\/uploads\/2013\/12\/22bxhoch-385x800.jpg 385w, https:\/\/www.zachsticks.de\/wp-content\/uploads\/2013\/12\/22bxhoch-115x240.jpg 115w\" sizes=\"auto, (max-width: 600px) 100vw, 600px\" \/>\t\t\t\t\t\t\n\t\t\t\t\t<\/div>\n\t\t\t\t\t\t\t\t\n<style>\n#image_796062945 {\n  width: 100%;\n}\n<\/style>\n\t<\/div>\n\t\r\n\r\n\t\t<\/div>\n\t\t\t\t\t<\/div>\n\n\t\r\n\r\n\n\t<div id=\"col-1042286364\" class=\"col medium-1\/2 large-6\"  >\n\t\t\t\t<div class=\"col-inner\"  >\n\t\t\t\n\t\t\t\r\n\r\n<h2>Zachs Welt der Farben \u201eThe Resin Tints\u201c<\/h2>\r\n<p style=\"text-align: justify;\">Als ich vor mehr als zehn Jahren begann Surfboards herzustellen, war es f\u00fcr mich sehr schwer andere Surfboardshaper zu finden, die bereit waren ihr Wissen mit mir zu teilen. Zuf\u00e4llig lernte ich \u00fcber einen Bekannten einen Surfboardshaper kennen, der jemand f\u00fcr Schreinerarbeiten suchte. Im Austausch daf\u00fcr bot er mir an mich in die Arbeitsmethoden des Laminierens mit eingef\u00e4rbtem Harz einzuf\u00fchren. Somit erlernte ich die Grundtechniken der so genannten \u201eResin Tints\u201c. Durch meine liebe zu Farben entstand eine neue Leidenschaft in der ich mich kreativ und k\u00fcnstlerisch unendlich entfalten kann.<\/p>\r\n<p style=\"text-align: justify;\">Bei dieser Art der Surfboardlaminierung werden dem Kunstharz vor der Verarbeitung Farbpigmente beigemischt. Durch bestimmte Techniken kann man so w\u00e4hrend des Laminierens diverse Farbmuster entstehen lassen. Diese lassen sich nur bedingt beeinflussen und sind somit immer absolut individuell. Im Gegensatz zu aufgespr\u00fchten Airbrush- oder Schablonendesigns entsteht ein intensiver Tiefeneffekt, der die Faserstrukturen sichtbar macht. Auch ist der Verbund zwischen GFK-Schicht und Surfboardrohling beim Resintint deutlich besser als bei auflackierten Dekors. Lackiert man den Rohling vor dem laminieren, kann dies den Effekt einer Trennschicht verursachen und zu Delaminierungen f\u00fchren.<\/p>\r\n<p style=\"text-align: justify;\">Da das Wellenreiten urspr\u00fcnglich ein extrem individueller Sport war und ist, legen viele Surfer gro\u00dfen Wert auf die Individualit\u00e4t ihres Sportger\u00e4ts. Das \u201eResin Tint\u201c ist ein Punkt der ZachStickSurfboards eine hohe Individualit\u00e4t verleiht und somit den Grundcharakter dieser Sportart unterstreicht. Der Kunde hat auch hier die M\u00f6glichkeit seine eignen Designw\u00fcnsche und Vorlieben mit einzubringen und kreativ zu werden. Die Welt der Farben und Designm\u00f6glichkeiten ist nahezu unendlich. Daher ist es zwingend erforderlich Farbt\u00f6ne und individuelle W\u00fcnsche im vorab genau zu besprechen. Bei komplexen W\u00fcnschen sollte man in seiner Vorstellung nicht zu festgefahren sein und die F\u00e4higkeit besitzen sich in gewisser Weise vom Ergebnis \u00fcberraschen zu lassen.<\/p>\r\n\r\n<hr>\r\n\r\n\t\t<\/div>\n\t\t\t\t\t<\/div>\n\n\t\r\n\r\n\n\t<div id=\"col-112685164\" class=\"col medium-1\/1 large-12\"  >\n\t\t\t\t<div class=\"col-inner\"  >\n\t\t\t\n\t\t\t\r\n\r\n<div class=\"is-divider divider clearfix\" ><\/div>\r\n\r\n\t\t<\/div>\n\t\t\t\t\t<\/div>\n\n\t\r\n\r\n\n\t<div id=\"col-2022218208\" class=\"col medium-1\/2 large-6\"  >\n\t\t\t\t<div class=\"col-inner\"  >\n\t\t\t\n\t\t\t\r\n\r\n<h2>Zachs Welt des Glases<\/h2>\r\n<p style=\"text-align: justify;\">Ein weiterer Hauptbestandteil der Surfboardherstellung ist die Arbeit mit Glasfaserverbundstoffen. Diese kommen, wie der Polyurethanschaum, seit den f\u00fcnfziger Jahren zum Einsatz und werden in erster Linie zur Verst\u00e4rkung und zum Schutz gegen \u00e4u\u00dfere Einfl\u00fcsse wie UV-Licht und Salzwasser verwendet. Bei dieser Beschichtung (dem Laminieren) werden in Kunstharz getr\u00e4nkte Glasfasergewebe je nach Anforderung und Kundenwunsch im Handverfahren oder per Vakuumtechnik schichtweise um den Surfboardkern drapiert. Nach dem Aush\u00e4rtungsprozess entsteht ein so genanntes \u201eLaminat\u201c, das auch als Glasfaserverbundstoff oder als \u201eGFK\u201c (Glasfaserverst\u00e4rkter Kunststoff) bezeichnet wird. Je nach Dicke und Anzahl der einzelnen Glasfasergewebe entsteht ein stabileres, aber auch schwereres Laminat. Somit k\u00f6nnen die Stabilit\u00e4t und das Gewicht betr\u00e4chtlich durch die Anforderungen und den Wunsch des Kunden beeinflusst werden.<\/p>\r\n<p style=\"text-align: justify;\">Mittlerweile ist der Markt f\u00fcr Glasfaserverbundwerkstoffe enorm gewachsen. Es gibt diverse Fasern und Gewebestrukturen und zudem unz\u00e4hlig viele verschiedene Kunstharze. Doch eignen sich nur bestimmte Fasermaterialien und Gewebestrukturen. Die von mir und den meisten Shapern verwendeten Glasfasergewebe werden von der Firma HEXCEL hergestellt und haben sich \u00fcber Jahrzehnte bew\u00e4hrt.<\/p>\r\n<p style=\"text-align: justify;\">Ein weiterer wichtiger Faktor im Bezug auf die Stabilit\u00e4t und Best\u00e4ndigkeit des Glasfaserverbundstoffs ist das verwendete Harz. Auch hier h\u00e4lt der Markt eine un\u00fcberschaubare Vielzahl von verschiedenen Produkten bereit. Es gibt alt bew\u00e4hrte Produkte, wie die Polyesterharze des Herstellers SILMAR, die im Bereich der Surfboardherstellung nun schon seit Jahrzehnten ihre Anwendung finden. Im Anwendungsbereich der neuen Epoxydharztechnologien sind die Hersteller Resin Research und Entrophy Resin momentan mit ihren speziell f\u00fcr Surfboards entwickelten Bio-Harzsystemen Markt f\u00fchrend.<\/p>\r\n\r\n\t\t<\/div>\n\t\t\t\t\t<\/div>\n\n\t\r\n\r\n\n\t<div id=\"col-875901896\" class=\"col medium-1\/2 large-6\"  >\n\t\t\t\t<div class=\"col-inner\"  >\n\t\t\t\n\t\t\t\r\n\r\n\t<div class=\"img has-hover x md-x lg-x y md-y lg-y\" id=\"image_1742426047\">\n\t\t\t\t\t\t\t\t<div class=\"img-inner dark\" >\n\t\t\t<img loading=\"lazy\" decoding=\"async\" width=\"800\" height=\"1200\" src=\"https:\/\/www.zachsticks.de\/wp-content\/uploads\/2013\/12\/1004.jpg\" class=\"attachment-large size-large\" alt=\"\" srcset=\"https:\/\/www.zachsticks.de\/wp-content\/uploads\/2013\/12\/1004.jpg 800w, https:\/\/www.zachsticks.de\/wp-content\/uploads\/2013\/12\/1004-533x800.jpg 533w, https:\/\/www.zachsticks.de\/wp-content\/uploads\/2013\/12\/1004-600x900.jpg 600w, https:\/\/www.zachsticks.de\/wp-content\/uploads\/2013\/12\/1004-160x240.jpg 160w\" sizes=\"auto, (max-width: 800px) 100vw, 800px\" \/>\t\t\t\t\t\t\n\t\t\t\t\t<\/div>\n\t\t\t\t\t\t\t\t\n<style>\n#image_1742426047 {\n  width: 100%;\n}\n<\/style>\n\t<\/div>\n\t\r\n\r\n\t\t<\/div>\n\t\t\t\t\t<\/div>\n\n\t\r\n\r\n<\/div>\n","protected":false},"excerpt":{"rendered":"","protected":false},"author":1,"featured_media":0,"parent":0,"menu_order":0,"comment_status":"closed","ping_status":"closed","template":"page-blank-container.php","meta":{"footnotes":""},"class_list":["post-3071","page","type-page","status-publish","hentry"],"_links":{"self":[{"href":"https:\/\/www.zachsticks.de\/zachsticks\/wp-json\/wp\/v2\/pages\/3071","targetHints":{"allow":["GET"]}}],"collection":[{"href":"https:\/\/www.zachsticks.de\/zachsticks\/wp-json\/wp\/v2\/pages"}],"about":[{"href":"https:\/\/www.zachsticks.de\/zachsticks\/wp-json\/wp\/v2\/types\/page"}],"author":[{"embeddable":true,"href":"https:\/\/www.zachsticks.de\/zachsticks\/wp-json\/wp\/v2\/users\/1"}],"replies":[{"embeddable":true,"href":"https:\/\/www.zachsticks.de\/zachsticks\/wp-json\/wp\/v2\/comments?post=3071"}],"version-history":[{"count":0,"href":"https:\/\/www.zachsticks.de\/zachsticks\/wp-json\/wp\/v2\/pages\/3071\/revisions"}],"wp:attachment":[{"href":"https:\/\/www.zachsticks.de\/zachsticks\/wp-json\/wp\/v2\/media?parent=3071"}],"curies":[{"name":"wp","href":"https:\/\/api.w.org\/{rel}","templated":true}]}}