{"id":3036,"date":"2016-07-13T00:07:55","date_gmt":"2016-07-12T22:07:55","guid":{"rendered":"http:\/\/zachsticks.de\/zachsticks\/?page_id=3036"},"modified":"2016-07-14T03:25:33","modified_gmt":"2016-07-14T01:25:33","slug":"die-unendliche-geschichte-der-shapes","status":"publish","type":"page","link":"https:\/\/www.zachsticks.de\/zachsticks\/homepage\/die-unendliche-geschichte-der-shapes\/","title":{"rendered":"Die unendliche Geschichte der Shapes"},"content":{"rendered":"  <div class=\"banner-grid-wrapper\">\n  <div id=\"banner-grid-1272041986\" class=\"banner-grid row row-grid row-small\" data-packery-options=\"\">\n                      \r\n\r\n\n\t<div id=\"col-1128525682\" class=\"col medium-9 large-9\"  >\n\t\t\t\t<div class=\"col-inner\"  >\n\t\t\t\n\t\t\t\r\n\r\n<div class=\"slider-wrapper relative\" id=\"slider-2092407903\" >\n    <div class=\"slider slider-nav-circle slider-nav-large slider-nav-dark slider-style-normal\"\n        data-flickity-options='{\n            \"cellAlign\": \"center\",\n            \"imagesLoaded\": true,\n            \"lazyLoad\": 1,\n            \"freeScroll\": false,\n            \"wrapAround\": true,\n            \"autoPlay\": 6000,\n            \"pauseAutoPlayOnHover\" : true,\n            \"prevNextButtons\": true,\n            \"contain\" : true,\n            \"adaptiveHeight\" : true,\n            \"dragThreshold\" : 10,\n            \"percentPosition\": true,\n            \"pageDots\": true,\n            \"rightToLeft\": false,\n            \"draggable\": true,\n            \"selectedAttraction\": 0.1,\n            \"parallax\" : 0,\n            \"friction\": 0.6        }'\n        >\n        \n\n\n  <div class=\"banner has-hover\" id=\"banner-1097629000\">\n          <div class=\"banner-inner fill\">\n        <div class=\"banner-bg fill\" >\n            <img loading=\"lazy\" decoding=\"async\" width=\"1020\" height=\"1270\" src=\"https:\/\/www.zachsticks.de\/wp-content\/uploads\/2013\/12\/Zach-working-7small.jpg\" class=\"bg attachment-large size-large\" alt=\"\" \/>                                    \n                    <\/div>\n\t\t\n        <div class=\"banner-layers container\">\n            <div class=\"fill banner-link\"><\/div>            \n\n   <div id=\"text-box-290308076\" class=\"text-box banner-layer x10 md-x10 lg-x10 y90 md-y90 lg-y90 res-text\">\n                                <div class=\"text-box-content text dark\">\n              \n              <div class=\"text-inner text-left\">\n                  \n\n<div class=\"is-divider divider clearfix\" ><\/div>\n\n<h1>MADE WITH LOVE<\/h1>\n<a href=\"https:\/\/zachsticks.de\/wordpress\/homepage\/surfboards\/\" class=\"button primary\" >\n\t\t<span>Zu den Boards<\/span>\n\t<\/a>\n\n\n\n              <\/div>\n           <\/div>\n                            \n<style>\n#text-box-290308076 {\n  width: 60%;\n}\n#text-box-290308076 .text-box-content {\n  font-size: 100%;\n}\n@media (min-width:550px) {\n  #text-box-290308076 {\n    width: 80%;\n  }\n}\n<\/style>\n    <\/div>\n \n\n        <\/div>\n      <\/div>\n\n            \n<style>\n#banner-1097629000 {\n  padding-top: 600px;\n}\n<\/style>\n  <\/div>\n\n\n\n  <div class=\"banner has-hover\" id=\"banner-1126130075\">\n          <div class=\"banner-inner fill\">\n        <div class=\"banner-bg fill\" >\n            <img loading=\"lazy\" decoding=\"async\" width=\"800\" height=\"1200\" src=\"https:\/\/www.zachsticks.de\/wp-content\/uploads\/2013\/12\/1004.jpg\" class=\"bg attachment-large size-large\" alt=\"\" \/>                                    \n                    <\/div>\n\t\t\n        <div class=\"banner-layers container\">\n            <div class=\"fill banner-link\"><\/div>            \n\n   <div id=\"text-box-313001590\" class=\"text-box banner-layer x90 md-x90 lg-x90 y10 md-y10 lg-y10 res-text\">\n                     <div data-animate=\"none\">           <div class=\"text-box-content text dark\">\n              \n              <div class=\"text-inner text-right\">\n                  \n\n<div class=\"is-divider divider clearfix\" ><\/div>\n\n<h1 class=\"animated fadeInLeft\">MADE BY QUALITYLOVER<\/h1>\n<div class=\"is-divider divider clearfix\" ><\/div>\n\n<a href=\"https:\/\/zachsticks.de\/wordpress\/homepage\/surfboards\/\" class=\"button primary\" >\n\t\t<span>Zu den Boards<\/span>\n\t<\/a>\n\n\n\n              <\/div>\n           <\/div>\n       <\/div>                     \n<style>\n#text-box-313001590 {\n  width: 60%;\n}\n#text-box-313001590 .text-box-content {\n  font-size: 100%;\n}\n@media (min-width:550px) {\n  #text-box-313001590 {\n    width: 40%;\n  }\n}\n<\/style>\n    <\/div>\n \n\n        <\/div>\n      <\/div>\n\n            \n<style>\n#banner-1126130075 {\n  padding-top: 600px;\n}\n<\/style>\n  <\/div>\n\n\n\n  <div class=\"banner has-hover\" id=\"banner-1097123679\">\n          <div class=\"banner-inner fill\">\n        <div class=\"banner-bg fill\" >\n            <img loading=\"lazy\" decoding=\"async\" width=\"1020\" height=\"680\" src=\"https:\/\/www.zachsticks.de\/wp-content\/uploads\/2013\/12\/1053.jpg\" class=\"bg attachment-large size-large\" alt=\"\" \/>                                    \n                    <\/div>\n\t\t\n        <div class=\"banner-layers container\">\n            <div class=\"fill banner-link\"><\/div>            \n\n   <div id=\"text-box-1943941801\" class=\"text-box banner-layer x90 md-x90 lg-x90 y10 md-y10 lg-y10 res-text\">\n                                <div class=\"text-box-content text dark\">\n              \n              <div class=\"text-inner text-right\">\n                  \n\n\n              <\/div>\n           <\/div>\n                            \n<style>\n#text-box-1943941801 {\n  width: 60%;\n}\n#text-box-1943941801 .text-box-content {\n  font-size: 100%;\n}\n@media (min-width:550px) {\n  #text-box-1943941801 {\n    width: 40%;\n  }\n}\n<\/style>\n    <\/div>\n \n\n        <\/div>\n      <\/div>\n\n            \n<style>\n#banner-1097123679 {\n  padding-top: 600px;\n}\n<\/style>\n  <\/div>\n\n\n\n     <\/div>\n\n     <div class=\"loading-spin dark large centered\"><\/div>\n\n\t<\/div>\n\n\r\n\r\n\t\t<\/div>\n\t\t\t\t\t<\/div>\n\n\t\r\n\r\n\n\t<div id=\"col-1801182800\" class=\"col medium-3 large-3\"  >\n\t\t\t\t<div class=\"col-inner\"  >\n\t\t\t\n\t\t\t\r\n\r\n\n  <div class=\"banner has-hover bg-fade\" id=\"banner-124604154\">\n          <div class=\"banner-inner fill\">\n        <div class=\"banner-bg fill\" >\n            <img loading=\"lazy\" decoding=\"async\" width=\"1020\" height=\"832\" src=\"https:\/\/www.zachsticks.de\/wp-content\/uploads\/2013\/12\/Zach-working-14small.jpg\" class=\"bg attachment-large size-large\" alt=\"\" \/>                                    \n                    <\/div>\n\t\t\n        <div class=\"banner-layers container\">\n            <div class=\"fill banner-link\"><\/div>               <div id=\"text-box-30508538\" class=\"text-box banner-layer x50 md-x50 lg-x50 y50 md-y50 lg-y50 res-text\">\n                     <div data-animate=\"fadeIn\">           <div class=\"text-box-content text dark\">\n              \n              <div class=\"text-inner text-center\">\n                  \r\n\r\n              <\/div>\n           <\/div>\n       <\/div>                     \n<style>\n#text-box-30508538 {\n  width: 60%;\n}\n#text-box-30508538 .text-box-content {\n  font-size: 100%;\n}\n@media (min-width:550px) {\n  #text-box-30508538 {\n    width: 60%;\n  }\n}\n<\/style>\n    <\/div>\n         <\/div>\n      <\/div>\n\n            \n<style>\n#banner-124604154 {\n  padding-top: 292px;\n}\n<\/style>\n  <\/div>\n\n\r\n\r\n\t\t<\/div>\n\t\t\t\t\t<\/div>\n\n\t\r\n\r\n\n\t<div id=\"col-1130374844\" class=\"col medium-3 large-3\"  >\n\t\t\t\t<div class=\"col-inner\"  >\n\t\t\t\n\t\t\t\r\n\r\n\n  <div class=\"banner has-hover bg-fade\" id=\"banner-2145646647\">\n          <div class=\"banner-inner fill\">\n        <div class=\"banner-bg fill\" >\n            <img loading=\"lazy\" decoding=\"async\" width=\"1020\" height=\"881\" src=\"https:\/\/www.zachsticks.de\/wp-content\/uploads\/2013\/12\/Zach-working-19small.jpg\" class=\"bg attachment-large size-large\" alt=\"\" \/>                                    \n                    <\/div>\n\t\t\n        <div class=\"banner-layers container\">\n            <a class=\"fill\" href=\"#\"><div class=\"fill banner-link\"><\/div><\/a>               <div id=\"text-box-1619296208\" class=\"text-box banner-layer x10 md-x10 lg-x10 y90 md-y90 lg-y90 res-text\">\n                     <div data-animate=\"fadeIn\">           <div class=\"text-box-content text dark\">\n              \n              <div class=\"text-inner text-left\">\n                  \r\n\r\n<a href=\"http:\/\/zachsticks.de\/zachsticks\/homepage\/about\/\" class=\"button primary\" >\n\t\t<span>How-to-dingrepair<\/span>\n\t<\/a>\n\r\n\r\n              <\/div>\n           <\/div>\n       <\/div>                     \n<style>\n#text-box-1619296208 {\n  width: 60%;\n}\n#text-box-1619296208 .text-box-content {\n  font-size: 100%;\n}\n@media (min-width:550px) {\n  #text-box-1619296208 {\n    width: 60%;\n  }\n}\n<\/style>\n    <\/div>\n         <\/div>\n      <\/div>\n\n            \n<style>\n#banner-2145646647 {\n  padding-top: 292px;\n}\n<\/style>\n  <\/div>\n\n\r\n\r\n\t\t<\/div>\n\t\t\t\t\t<\/div>\n\n\t\r\n\r\n            <\/div>\n    <style>\n    #banner-grid-1272041986 .grid-col-1{height: 400px}\n    #banner-grid-1272041986 .grid-col-1-2{height: 200px}\n    #banner-grid-1272041986 .grid-col-1-3{height:133.33333333333px}\n    #banner-grid-1272041986 .grid-col-2-3{height: 266.66666666667px}\n    #banner-grid-1272041986 .grid-col-1-4{height: 100px}\n    #banner-grid-1272041986 .grid-col-3-4{height: 300px}\n\n\n    \n    \n\n  <\/style>\n    <\/div>\n  \r\n\r\n<div class=\"row\"  id=\"row-637080606\">\r\n\r\n\n\t<div id=\"col-1838110584\" class=\"col medium-1\/2 large-6\"  >\n\t\t\t\t<div class=\"col-inner\"  >\n\t\t\t\n\t\t\t\r\n\r\n<h3>Die unendliche Geschichte der Shapes<\/h3>\r\n<p style=\"text-align: justify;\">Wie schon immer im Leben hat man die Qual der Wahl, wenn es darum geht den richtigen Surfboardshape zu w\u00e4hlen. Letztlich kennt jeder Surfer das Gef\u00fchl, man habe das falsche Brett gew\u00e4hlt, wenn es in einer Session mal nicht ganz so l\u00e4uft, wie man es zuvor erwartet hat. Hierbei habe ich f\u00fcr mich gelernt, die Erwartungen an mich selbst runterzuschrauben. Denn oft sind es so viele Faktoren, die das Reiten der Wellen beeinflussen und das Surfen somit schwer kalkulierbar machen. Hierzu geh\u00f6ren neben der Wellengr\u00f6\u00dfe und dem Wind, der Surfspot, das pers\u00f6nliche K\u00f6nnen, die k\u00f6rperliche Verfassung, und letzten Endes auch das Surfboard. Leider werden viele Faktoren h\u00e4ufig nicht so bedacht, wie die pers\u00f6nlichen Vorlieben f\u00fcr bestimmte Shapes die auf aktuellen Trends basieren.<\/p>\r\n<p style=\"text-align: justify;\">Man sollte stets beachten, dass jeder Shape f\u00fcr einen bestimmten Typ von Surfer oder auch einen bestimmten Typ von Welle vorgesehen ist. Da es in der Regel um den pers\u00f6nlichen Spa\u00df geht, ist es durchaus gut, sein K\u00f6nnen und den gew\u00fcnschten Anwendungsbereich vor dem Kauf genau zu analysieren. Hierbei beginnt meine Arbeit als Surfboardshaper. Indem ich versuche mit dem Kunden gemeinsam zu definieren wo seine Vorlieben und W\u00fcnsche liegen, lege ich mit Ihm die Grundparameter des Shapes fest und lasse diese im Fertigungsprozess mit einflie\u00dfen.<\/p>\r\n<p style=\"text-align: justify;\">Zudem kann ich jedem dazu raten, so viele Shapes wie m\u00f6glich auszuprobieren und somit offen f\u00fcr alles Neue zu bleiben. Nicht der momentane Modetrend, sondern der Surfspa\u00df den ein Shape mit sich bringt, sollte zur Kaufentscheidung beitragen.<\/p>\r\n<p style=\"text-align: justify;\">Man k\u00f6nnte sagen, dass die verschiedenen Surfboardtypen unterschiedliche Perspektiven und Blickwinkel auf den Sport des Wellenreitens erm\u00f6glichen. Jedes Surfboards hat in gewisser Weise seinen eigenen Charakter. Ob jemand gerne Shortboard, Longboard oder einen Funshape surft ist nicht unbedingt eine Frage des K\u00f6nnens, sondern viel mehr eine Frage des pers\u00f6nlichen Geschmacks und Charakters.<\/p>\r\n\r\n\t\t<\/div>\n\t\t\t\t\t<\/div>\n\n\t\r\n\r\n\n\t<div id=\"col-1996858116\" class=\"col medium-1\/2 large-6\"  >\n\t\t\t\t<div class=\"col-inner\"  >\n\t\t\t\n\t\t\t\r\n\r\n\t<div class=\"img has-hover x md-x lg-x y md-y lg-y\" id=\"image_886337008\">\n\t\t\t\t\t\t\t\t<div class=\"img-inner dark\" >\n\t\t\t<img loading=\"lazy\" decoding=\"async\" width=\"1020\" height=\"1530\" src=\"https:\/\/www.zachsticks.de\/wp-content\/uploads\/2013\/12\/Mini-Egg-Juli-27small-1067x1600.jpg\" class=\"attachment-large size-large\" alt=\"\" srcset=\"https:\/\/www.zachsticks.de\/wp-content\/uploads\/2013\/12\/Mini-Egg-Juli-27small-1067x1600.jpg 1067w, https:\/\/www.zachsticks.de\/wp-content\/uploads\/2013\/12\/Mini-Egg-Juli-27small-800x1200.jpg 800w, https:\/\/www.zachsticks.de\/wp-content\/uploads\/2013\/12\/Mini-Egg-Juli-27small-533x800.jpg 533w, https:\/\/www.zachsticks.de\/wp-content\/uploads\/2013\/12\/Mini-Egg-Juli-27small-600x900.jpg 600w, https:\/\/www.zachsticks.de\/wp-content\/uploads\/2013\/12\/Mini-Egg-Juli-27small-160x240.jpg 160w, https:\/\/www.zachsticks.de\/wp-content\/uploads\/2013\/12\/Mini-Egg-Juli-27small.jpg 1267w\" sizes=\"auto, (max-width: 1020px) 100vw, 1020px\" \/>\t\t\t\t\t\t\n\t\t\t\t\t<\/div>\n\t\t\t\t\t\t\t\t\n<style>\n#image_886337008 {\n  width: 100%;\n}\n<\/style>\n\t<\/div>\n\t\r\n\r\n\t\t<\/div>\n\t\t\t\t\t<\/div>\n\n\t\r\n\r\n\n\t<div id=\"col-1228919937\" class=\"col medium-1\/1 large-12\"  >\n\t\t\t\t<div class=\"col-inner\"  >\n\t\t\t\n\t\t\t\r\n\r\n<div class=\"is-divider divider clearfix\" ><\/div>\r\n\r\n\t\t<\/div>\n\t\t\t\t\t<\/div>\n\n\t\r\n\r\n<\/div>\n","protected":false},"excerpt":{"rendered":"","protected":false},"author":1,"featured_media":0,"parent":46,"menu_order":0,"comment_status":"closed","ping_status":"closed","template":"page-blank-container.php","meta":{"footnotes":""},"class_list":["post-3036","page","type-page","status-publish","hentry"],"_links":{"self":[{"href":"https:\/\/www.zachsticks.de\/zachsticks\/wp-json\/wp\/v2\/pages\/3036","targetHints":{"allow":["GET"]}}],"collection":[{"href":"https:\/\/www.zachsticks.de\/zachsticks\/wp-json\/wp\/v2\/pages"}],"about":[{"href":"https:\/\/www.zachsticks.de\/zachsticks\/wp-json\/wp\/v2\/types\/page"}],"author":[{"embeddable":true,"href":"https:\/\/www.zachsticks.de\/zachsticks\/wp-json\/wp\/v2\/users\/1"}],"replies":[{"embeddable":true,"href":"https:\/\/www.zachsticks.de\/zachsticks\/wp-json\/wp\/v2\/comments?post=3036"}],"version-history":[{"count":0,"href":"https:\/\/www.zachsticks.de\/zachsticks\/wp-json\/wp\/v2\/pages\/3036\/revisions"}],"up":[{"embeddable":true,"href":"https:\/\/www.zachsticks.de\/zachsticks\/wp-json\/wp\/v2\/pages\/46"}],"wp:attachment":[{"href":"https:\/\/www.zachsticks.de\/zachsticks\/wp-json\/wp\/v2\/media?parent=3036"}],"curies":[{"name":"wp","href":"https:\/\/api.w.org\/{rel}","templated":true}]}}