{"id":2758,"date":"2016-06-02T00:07:31","date_gmt":"2016-06-01T22:07:31","guid":{"rendered":"http:\/\/zachsticks.de\/zachsticks\/?page_id=2758"},"modified":"2016-10-27T17:28:12","modified_gmt":"2016-10-27T15:28:12","slug":"custom-board","status":"publish","type":"page","link":"https:\/\/www.zachsticks.de\/zachsticks\/custom-board\/","title":{"rendered":"Custom Board"},"content":{"rendered":"<div class=\"row\"  id=\"row-433694627\">\n\n\t<div id=\"col-1053525156\" class=\"col medium-1\/2 large-6\"  >\n\t\t\t\t<div class=\"col-inner\"  >\n\t\t\t\n\t\t\t\n<h3>Du m\u00f6chtest ein Board, das komplett nach deinen W\u00fcnschen geshaped und gestaltet ist? Kein Problem!<\/h3>\n<p>Auf Wunsch baue ich ein Board komplett nach deiner Vorstellung. Du bist v\u00f6llig frei in der Gestaltung deines Boards. Ganz egal ob Gr\u00f6\u00dfe, Breite, Nose, Tail sowie dem Finnensystem und dessen Positionierung &#8211; alles ist m\u00f6glich!<\/p>\n<p>Nutze einfach den folgenden Boardkonfigurator und gebe deine W\u00fcnsche ein. Ich schicke dir dann umgehend ein Angebot.<\/p>\n<p>Je genauer du die Angaben machst desto individueller kann ich das Board deinen W\u00fcnschen und F\u00e4higkeiten anpassen.<\/p>\n\t\t<\/div>\n\t\t\t\t\t<\/div>\n\n\t\n\n\t<div id=\"col-64814827\" class=\"col medium-1\/2 large-6\"  >\n\t\t\t\t<div class=\"col-inner\"  >\n\t\t\t\n\t\t\t\n\t<div class=\"img has-hover x md-x lg-x y md-y lg-y\" id=\"image_1760790592\">\n\t\t\t\t\t\t\t\t<div class=\"img-inner dark\" >\n\t\t\t<img loading=\"lazy\" decoding=\"async\" width=\"1020\" height=\"680\" src=\"https:\/\/www.zachsticks.de\/wp-content\/uploads\/2016\/06\/Gruppenbilder-10-1600x1067.jpg\" class=\"attachment-large size-large\" alt=\"\" srcset=\"https:\/\/www.zachsticks.de\/wp-content\/uploads\/2016\/06\/Gruppenbilder-10-1600x1067.jpg 1600w, https:\/\/www.zachsticks.de\/wp-content\/uploads\/2016\/06\/Gruppenbilder-10-800x533.jpg 800w, https:\/\/www.zachsticks.de\/wp-content\/uploads\/2016\/06\/Gruppenbilder-10-600x400.jpg 600w, https:\/\/www.zachsticks.de\/wp-content\/uploads\/2016\/06\/Gruppenbilder-10-240x160.jpg 240w, https:\/\/www.zachsticks.de\/wp-content\/uploads\/2016\/06\/Gruppenbilder-10.jpg 1900w\" sizes=\"auto, (max-width: 1020px) 100vw, 1020px\" \/>\t\t\t\t\t\t\n\t\t\t\t\t<\/div>\n\t\t\t\t\t\t\t\t\n<style>\n#image_1760790592 {\n  width: 100%;\n}\n<\/style>\n\t<\/div>\n\t\n\t\t<\/div>\n\t\t\t\t\t<\/div>\n\n\t\n<\/div>\n<div class=\"row\"  id=\"row-1451617764\">\n\n\t<div id=\"col-1803031043\" class=\"col medium-1\/2 large-6\"  >\n\t\t\t\t<div class=\"col-inner\"  >\n\t\t\t\n\t\t\t\n[ninja_forms id=10]\n\t\t<\/div>\n\t\t\t\t\t<\/div>\n\n\t\n\n\t<div id=\"col-1155742549\" class=\"col medium-1\/2 large-6\"  >\n\t\t\t\t<div class=\"col-inner\"  >\n\t\t\t\n\t\t\t\n\t\t<\/div>\n\t\t\t\t\t<\/div>\n\n\t\n<\/div>\n","protected":false},"excerpt":{"rendered":"","protected":false},"author":1,"featured_media":0,"parent":0,"menu_order":0,"comment_status":"closed","ping_status":"closed","template":"","meta":{"footnotes":""},"class_list":["post-2758","page","type-page","status-publish","hentry"],"_links":{"self":[{"href":"https:\/\/www.zachsticks.de\/zachsticks\/wp-json\/wp\/v2\/pages\/2758","targetHints":{"allow":["GET"]}}],"collection":[{"href":"https:\/\/www.zachsticks.de\/zachsticks\/wp-json\/wp\/v2\/pages"}],"about":[{"href":"https:\/\/www.zachsticks.de\/zachsticks\/wp-json\/wp\/v2\/types\/page"}],"author":[{"embeddable":true,"href":"https:\/\/www.zachsticks.de\/zachsticks\/wp-json\/wp\/v2\/users\/1"}],"replies":[{"embeddable":true,"href":"https:\/\/www.zachsticks.de\/zachsticks\/wp-json\/wp\/v2\/comments?post=2758"}],"version-history":[{"count":0,"href":"https:\/\/www.zachsticks.de\/zachsticks\/wp-json\/wp\/v2\/pages\/2758\/revisions"}],"wp:attachment":[{"href":"https:\/\/www.zachsticks.de\/zachsticks\/wp-json\/wp\/v2\/media?parent=2758"}],"curies":[{"name":"wp","href":"https:\/\/api.w.org\/{rel}","templated":true}]}}