{"id":2735,"date":"2016-06-01T22:03:49","date_gmt":"2016-06-01T20:03:49","guid":{"rendered":"http:\/\/zachsticks.de\/zachsticks\/?page_id=2735"},"modified":"2018-02-06T01:14:31","modified_gmt":"2018-02-06T00:14:31","slug":"impressum","status":"publish","type":"page","link":"https:\/\/www.zachsticks.de\/zachsticks\/impressum\/","title":{"rendered":"Impressum"},"content":{"rendered":"<h1>Impressum<\/h1>\n<p>&nbsp;<\/p>\n<h2>Angaben gem\u00e4\u00df \u00a7 5 TMG:<\/h2>\n<p>Zacharias Abdel-Salam<br \/>\nPulverh\u00e4userweg 26<br \/>\n64295 Darmstadt<br \/>\nUmsatzsteuer-Identifikationsnummer gem\u00e4\u00df \u00a727a Umsatzsteuergesetz: DE26 785 517 7<br \/>\nSteuernummer: 007 801 00800<br \/>\nFinanzamt Darmstadt<\/p>\n<p>&nbsp;<\/p>\n<h2>Kontakt:<\/h2>\n<table>\n<tbody>\n<tr>\n<td>Telefon:<\/td>\n<td>+49 (0)177 9175746<\/td>\n<\/tr>\n<tr>\n<td>E-Mail:<\/td>\n<td>info@zachsticks.de<\/td>\n<\/tr>\n<\/tbody>\n<\/table>\n","protected":false},"excerpt":{"rendered":"<p>Impressum &nbsp; Angaben gem\u00e4\u00df \u00a7 5 TMG: Zacharias Abdel-Salam Pulverh\u00e4userweg 26 64295 Darmstadt Umsatzsteuer-Identifikationsnummer gem\u00e4\u00df \u00a727a Umsatzsteuergesetz: DE26 785 517 7 Steuernummer: 007 801 00800 Finanzamt Darmstadt &nbsp; Kontakt: Telefon: +49 (0)177 9175746 E-Mail: info@zachsticks.de<\/p>\n","protected":false},"author":1,"featured_media":0,"parent":0,"menu_order":0,"comment_status":"closed","ping_status":"closed","template":"page-blank-container.php","meta":{"footnotes":""},"class_list":["post-2735","page","type-page","status-publish","hentry"],"_links":{"self":[{"href":"https:\/\/www.zachsticks.de\/zachsticks\/wp-json\/wp\/v2\/pages\/2735","targetHints":{"allow":["GET"]}}],"collection":[{"href":"https:\/\/www.zachsticks.de\/zachsticks\/wp-json\/wp\/v2\/pages"}],"about":[{"href":"https:\/\/www.zachsticks.de\/zachsticks\/wp-json\/wp\/v2\/types\/page"}],"author":[{"embeddable":true,"href":"https:\/\/www.zachsticks.de\/zachsticks\/wp-json\/wp\/v2\/users\/1"}],"replies":[{"embeddable":true,"href":"https:\/\/www.zachsticks.de\/zachsticks\/wp-json\/wp\/v2\/comments?post=2735"}],"version-history":[{"count":0,"href":"https:\/\/www.zachsticks.de\/zachsticks\/wp-json\/wp\/v2\/pages\/2735\/revisions"}],"wp:attachment":[{"href":"https:\/\/www.zachsticks.de\/zachsticks\/wp-json\/wp\/v2\/media?parent=2735"}],"curies":[{"name":"wp","href":"https:\/\/api.w.org\/{rel}","templated":true}]}}