{"id":2138,"date":"2013-12-30T15:48:22","date_gmt":"2013-12-30T15:48:22","guid":{"rendered":"http:\/\/localhost:8888\/test\/?page_id=2138"},"modified":"2016-11-15T01:19:12","modified_gmt":"2016-11-15T00:19:12","slug":"about","status":"publish","type":"page","link":"https:\/\/www.zachsticks.de\/zachsticks\/homepage\/about\/","title":{"rendered":"Der Shaper und sein Spirit"},"content":{"rendered":"  <div class=\"banner-grid-wrapper\">\n  <div id=\"banner-grid-452268292\" class=\"banner-grid row row-grid row-small\" data-packery-options=\"\">\n                      \r\n\r\n\n\t<div id=\"col-600019033\" class=\"col medium-9 large-9\"  >\n\t\t\t\t<div class=\"col-inner\"  >\n\t\t\t\n\t\t\t\r\n\r\n<div class=\"slider-wrapper relative\" id=\"slider-1197509282\" >\n    <div class=\"slider slider-nav-circle slider-nav-large slider-nav-dark slider-style-normal\"\n        data-flickity-options='{\n            \"cellAlign\": \"center\",\n            \"imagesLoaded\": true,\n            \"lazyLoad\": 1,\n            \"freeScroll\": false,\n            \"wrapAround\": true,\n            \"autoPlay\": 6000,\n            \"pauseAutoPlayOnHover\" : true,\n            \"prevNextButtons\": true,\n            \"contain\" : true,\n            \"adaptiveHeight\" : true,\n            \"dragThreshold\" : 10,\n            \"percentPosition\": true,\n            \"pageDots\": true,\n            \"rightToLeft\": false,\n            \"draggable\": true,\n            \"selectedAttraction\": 0.1,\n            \"parallax\" : 0,\n            \"friction\": 0.6        }'\n        >\n        \n\n\n  <div class=\"banner has-hover\" id=\"banner-644617725\">\n          <div class=\"banner-inner fill\">\n        <div class=\"banner-bg fill\" >\n            <img loading=\"lazy\" decoding=\"async\" width=\"1020\" height=\"1270\" src=\"https:\/\/www.zachsticks.de\/wp-content\/uploads\/2013\/12\/Zach-working-7small.jpg\" class=\"bg attachment-large size-large\" alt=\"\" \/>                                    \n                    <\/div>\n\t\t\n        <div class=\"banner-layers container\">\n            <div class=\"fill banner-link\"><\/div>            \n\n   <div id=\"text-box-810855999\" class=\"text-box banner-layer x10 md-x10 lg-x10 y90 md-y90 lg-y90 res-text\">\n                                <div class=\"text-box-content text dark\">\n              \n              <div class=\"text-inner text-left\">\n                  \n\n<div class=\"is-divider divider clearfix\" ><\/div>\n\n<h1>MADE WITH LOVE<\/h1>\n<a href=\"https:\/\/zachsticks.de\/wordpress\/homepage\/surfboards\/\" class=\"button primary\" >\n\t\t<span>Zu den Boards<\/span>\n\t<\/a>\n\n\n\n              <\/div>\n           <\/div>\n                            \n<style>\n#text-box-810855999 {\n  width: 60%;\n}\n#text-box-810855999 .text-box-content {\n  font-size: 100%;\n}\n@media (min-width:550px) {\n  #text-box-810855999 {\n    width: 80%;\n  }\n}\n<\/style>\n    <\/div>\n \n\n        <\/div>\n      <\/div>\n\n            \n<style>\n#banner-644617725 {\n  padding-top: 600px;\n}\n<\/style>\n  <\/div>\n\n\n\n  <div class=\"banner has-hover\" id=\"banner-1274025060\">\n          <div class=\"banner-inner fill\">\n        <div class=\"banner-bg fill\" >\n            <img loading=\"lazy\" decoding=\"async\" width=\"800\" height=\"1200\" src=\"https:\/\/www.zachsticks.de\/wp-content\/uploads\/2013\/12\/1004.jpg\" class=\"bg attachment-large size-large\" alt=\"\" \/>                                    \n                    <\/div>\n\t\t\n        <div class=\"banner-layers container\">\n            <div class=\"fill banner-link\"><\/div>            \n\n   <div id=\"text-box-411097801\" class=\"text-box banner-layer x90 md-x90 lg-x90 y10 md-y10 lg-y10 res-text\">\n                     <div data-animate=\"none\">           <div class=\"text-box-content text dark\">\n              \n              <div class=\"text-inner text-right\">\n                  \n\n<div class=\"is-divider divider clearfix\" ><\/div>\n\n<h1 class=\"animated fadeInLeft\">MADE BY QUALITYLOVER<\/h1>\n<div class=\"is-divider divider clearfix\" ><\/div>\n\n<a href=\"https:\/\/zachsticks.de\/wordpress\/homepage\/surfboards\/\" class=\"button primary\" >\n\t\t<span>Zu den Boards<\/span>\n\t<\/a>\n\n\n\n              <\/div>\n           <\/div>\n       <\/div>                     \n<style>\n#text-box-411097801 {\n  width: 60%;\n}\n#text-box-411097801 .text-box-content {\n  font-size: 100%;\n}\n@media (min-width:550px) {\n  #text-box-411097801 {\n    width: 40%;\n  }\n}\n<\/style>\n    <\/div>\n \n\n        <\/div>\n      <\/div>\n\n            \n<style>\n#banner-1274025060 {\n  padding-top: 600px;\n}\n<\/style>\n  <\/div>\n\n\n\n  <div class=\"banner has-hover\" id=\"banner-91792627\">\n          <div class=\"banner-inner fill\">\n        <div class=\"banner-bg fill\" >\n            <img loading=\"lazy\" decoding=\"async\" width=\"1020\" height=\"680\" src=\"https:\/\/www.zachsticks.de\/wp-content\/uploads\/2013\/12\/1053.jpg\" class=\"bg attachment-large size-large\" alt=\"\" \/>                                    \n                    <\/div>\n\t\t\n        <div class=\"banner-layers container\">\n            <div class=\"fill banner-link\"><\/div>            \n\n   <div id=\"text-box-573154810\" class=\"text-box banner-layer x90 md-x90 lg-x90 y10 md-y10 lg-y10 res-text\">\n                                <div class=\"text-box-content text dark\">\n              \n              <div class=\"text-inner text-right\">\n                  \n\n\n              <\/div>\n           <\/div>\n                            \n<style>\n#text-box-573154810 {\n  width: 60%;\n}\n#text-box-573154810 .text-box-content {\n  font-size: 100%;\n}\n@media (min-width:550px) {\n  #text-box-573154810 {\n    width: 40%;\n  }\n}\n<\/style>\n    <\/div>\n \n\n        <\/div>\n      <\/div>\n\n            \n<style>\n#banner-91792627 {\n  padding-top: 600px;\n}\n<\/style>\n  <\/div>\n\n\n\n     <\/div>\n\n     <div class=\"loading-spin dark large centered\"><\/div>\n\n\t<\/div>\n\n\r\n\r\n\t\t<\/div>\n\t\t\t\t\t<\/div>\n\n\t\r\n\r\n\n\t<div id=\"col-1206176176\" class=\"col medium-3 large-3\"  >\n\t\t\t\t<div class=\"col-inner\"  >\n\t\t\t\n\t\t\t\r\n\r\n\n  <div class=\"banner has-hover bg-fade\" id=\"banner-787244216\">\n          <div class=\"banner-inner fill\">\n        <div class=\"banner-bg fill\" >\n            <img loading=\"lazy\" decoding=\"async\" width=\"1020\" height=\"832\" src=\"https:\/\/www.zachsticks.de\/wp-content\/uploads\/2013\/12\/Zach-working-14small.jpg\" class=\"bg attachment-large size-large\" alt=\"\" \/>                                    \n                    <\/div>\n\t\t\n        <div class=\"banner-layers container\">\n            <a class=\"fill\" href=\"http:\/\/zachsticks.de\/zachsticks\/anleitung-dingrepair\/\"><div class=\"fill banner-link\"><\/div><\/a>               <div id=\"text-box-372663754\" class=\"text-box banner-layer x10 md-x10 lg-x10 y10 md-y10 lg-y10 res-text\">\n                     <div data-animate=\"fadeIn\">           <div class=\"text-box-content text dark\">\n              \n              <div class=\"text-inner text-center\">\n                  \r\n\r\n              <\/div>\n           <\/div>\n       <\/div>                     \n<style>\n#text-box-372663754 {\n  width: 60%;\n}\n#text-box-372663754 .text-box-content {\n  font-size: 100%;\n}\n@media (min-width:550px) {\n  #text-box-372663754 {\n    width: 60%;\n  }\n}\n<\/style>\n    <\/div>\n         <\/div>\n      <\/div>\n\n            \n<style>\n#banner-787244216 {\n  padding-top: 292px;\n}\n<\/style>\n  <\/div>\n\n\r\n\r\n\t\t<\/div>\n\t\t\t\t\t<\/div>\n\n\t\r\n\r\n\n\t<div id=\"col-171117321\" class=\"col medium-3 large-3\"  >\n\t\t\t\t<div class=\"col-inner\"  >\n\t\t\t\n\t\t\t\r\n\r\n\n  <div class=\"banner has-hover bg-fade\" id=\"banner-1508629150\">\n          <div class=\"banner-inner fill\">\n        <div class=\"banner-bg fill\" >\n            <img loading=\"lazy\" decoding=\"async\" width=\"1020\" height=\"881\" src=\"https:\/\/www.zachsticks.de\/wp-content\/uploads\/2013\/12\/Zach-working-19small.jpg\" class=\"bg attachment-large size-large\" alt=\"\" \/>                                    \n                    <\/div>\n\t\t\n        <div class=\"banner-layers container\">\n            <a class=\"fill\" href=\"#\"><div class=\"fill banner-link\"><\/div><\/a>               <div id=\"text-box-299633706\" class=\"text-box banner-layer x10 md-x10 lg-x10 y90 md-y90 lg-y90 res-text\">\n                     <div data-animate=\"fadeIn\">           <div class=\"text-box-content text dark\">\n              \n              <div class=\"text-inner text-left\">\n                  \r\n\r\n<a href=\"http:\/\/zachsticks.de\/zachsticks\/anleitung-dingrepair\/\" class=\"button primary is-large\" >\n\t\t<span>How-to-dingrepair<\/span>\n\t<\/a>\n\r\n\r\n              <\/div>\n           <\/div>\n       <\/div>                     \n<style>\n#text-box-299633706 {\n  width: 60%;\n}\n#text-box-299633706 .text-box-content {\n  font-size: 100%;\n}\n@media (min-width:550px) {\n  #text-box-299633706 {\n    width: 60%;\n  }\n}\n<\/style>\n    <\/div>\n         <\/div>\n      <\/div>\n\n            \n<style>\n#banner-1508629150 {\n  padding-top: 292px;\n}\n<\/style>\n  <\/div>\n\n\r\n\r\n\t\t<\/div>\n\t\t\t\t\t<\/div>\n\n\t\r\n\r\n            <\/div>\n    <style>\n    #banner-grid-452268292 .grid-col-1{height: 400px}\n    #banner-grid-452268292 .grid-col-1-2{height: 200px}\n    #banner-grid-452268292 .grid-col-1-3{height:133.33333333333px}\n    #banner-grid-452268292 .grid-col-2-3{height: 266.66666666667px}\n    #banner-grid-452268292 .grid-col-1-4{height: 100px}\n    #banner-grid-452268292 .grid-col-3-4{height: 300px}\n\n\n    \n    \n\n  <\/style>\n    <\/div>\n  \r\n\r\n<div class=\"row\"  id=\"row-1914593705\">\r\n\r\n\n\t<div id=\"col-636296915\" class=\"col medium-1\/1 large-12\"  >\n\t\t\t\t<div class=\"col-inner\"  >\n\t\t\t\n\t\t\t\r\n\r\n<div class=\"is-divider divider clearfix\" ><\/div>\r\n\r\n\t\t<\/div>\n\t\t\t\t\t<\/div>\n\n\t\r\n\r\n\n\t<div id=\"col-1610347781\" class=\"col medium-1\/2 large-6\"  >\n\t\t\t\t<div class=\"col-inner\"  >\n\t\t\t\n\t\t\t\r\n\r\n\t<div class=\"img has-hover x md-x lg-x y md-y lg-y\" id=\"image_1935770472\">\n\t\t\t\t\t\t\t\t<div class=\"img-inner dark\" >\n\t\t\t<img loading=\"lazy\" decoding=\"async\" width=\"1020\" height=\"680\" src=\"https:\/\/www.zachsticks.de\/wp-content\/uploads\/2013\/12\/Zach-in-Boris-Shop-7-1600x1067.jpg\" class=\"attachment-large size-large\" alt=\"\" srcset=\"https:\/\/www.zachsticks.de\/wp-content\/uploads\/2013\/12\/Zach-in-Boris-Shop-7-1600x1067.jpg 1600w, https:\/\/www.zachsticks.de\/wp-content\/uploads\/2013\/12\/Zach-in-Boris-Shop-7-800x533.jpg 800w, https:\/\/www.zachsticks.de\/wp-content\/uploads\/2013\/12\/Zach-in-Boris-Shop-7-600x400.jpg 600w, https:\/\/www.zachsticks.de\/wp-content\/uploads\/2013\/12\/Zach-in-Boris-Shop-7-240x160.jpg 240w, https:\/\/www.zachsticks.de\/wp-content\/uploads\/2013\/12\/Zach-in-Boris-Shop-7.jpg 1900w\" sizes=\"auto, (max-width: 1020px) 100vw, 1020px\" \/>\t\t\t\t\t\t\n\t\t\t\t\t<\/div>\n\t\t\t\t\t\t\t\t\n<style>\n#image_1935770472 {\n  width: 100%;\n}\n<\/style>\n\t<\/div>\n\t\r\n\r\n\t<div class=\"img has-hover x md-x lg-x y md-y lg-y\" id=\"image_1695452412\">\n\t\t\t\t\t\t\t\t<div class=\"img-inner dark\" >\n\t\t\t<img loading=\"lazy\" decoding=\"async\" width=\"1020\" height=\"1530\" src=\"https:\/\/www.zachsticks.de\/wp-content\/uploads\/2016\/06\/Zach-working-18-1067x1600.jpg\" class=\"attachment-large size-large\" alt=\"\" srcset=\"https:\/\/www.zachsticks.de\/wp-content\/uploads\/2016\/06\/Zach-working-18-1067x1600.jpg 1067w, https:\/\/www.zachsticks.de\/wp-content\/uploads\/2016\/06\/Zach-working-18-800x1200.jpg 800w, https:\/\/www.zachsticks.de\/wp-content\/uploads\/2016\/06\/Zach-working-18-533x800.jpg 533w, https:\/\/www.zachsticks.de\/wp-content\/uploads\/2016\/06\/Zach-working-18-600x900.jpg 600w, https:\/\/www.zachsticks.de\/wp-content\/uploads\/2016\/06\/Zach-working-18-160x240.jpg 160w, https:\/\/www.zachsticks.de\/wp-content\/uploads\/2016\/06\/Zach-working-18.jpg 1267w\" sizes=\"auto, (max-width: 1020px) 100vw, 1020px\" \/>\t\t\t\t\t\t\n\t\t\t\t\t<\/div>\n\t\t\t\t\t\t\t\t\n<style>\n#image_1695452412 {\n  width: 100%;\n}\n<\/style>\n\t<\/div>\n\t\r\n\r\n\t\t<\/div>\n\t\t\t\t\t<\/div>\n\n\t\r\n\r\n\n\t<div id=\"col-679445160\" class=\"col medium-1\/2 large-6\"  >\n\t\t\t\t<div class=\"col-inner\"  >\n\t\t\t\n\t\t\t\r\n\r\n<h2>Der Shaper und sein Spirit<\/h2>\r\n<p style=\"text-align: justify;\">Ich bin Zach, ein Mensch der Perfektionismus, Sch\u00f6nheit und Handwerk \u00fcber alles liebt. All diese Dinge sind gro\u00dfe Bestandteile der traditionellen Surfboardherstellung. Dies und meine Leidenschaft f\u00fcr Bewegung und \u00c4sthetik erkl\u00e4ren meine grenzenlose Liebe zu dieser Arbeit und meine tiefe Verbundenheit zum Wellenreiten. Insgesamt stelle ich nun seit zehn Jahren Surfboards her. Schon immer war ich handwerklich begeistert und machte mit siebzehn Jahren eine Ausbildung zum Tischler. Meine jahrelange handwerkliche Erfahrung in verschiedensten Bereichen und das damit verbundene Wissen bilden bis heute das Fundament, auf dem ich stets weiter aufbaue.<\/p>\r\n<p style=\"text-align: justify;\">Innovation und Kreativit\u00e4t sind f\u00fcr mich extrem wichtig, was sich in der permanenten Weiterentwicklung meiner Arbeit widerspiegelt. Stets bin ich auf der Suche nach neuen Materialien und Arbeitsmethoden, um den Herstellungsprozess und das Endprodukt zu optimieren. Nat\u00fcrlich basiert auch mein Wissen auf den jahrelangen Erfahrungen und Entwicklungen der \u00e4lteren Shapergenerationen. Durch stetiges reisen und den globalen Austausch mit anderen Shapern, ist es mir gelungen fundamentales Wissen und innovative Weiterentwicklung miteinander zu kombinieren und zu vereinen.<\/p>\r\n\r\n<hr>\r\n\r\n<h3><\/h3>\r\n<h3>Die Marke Zachsticks<\/h3>\r\n<p style=\"text-align: justify;\">Die Marke Zach Sticks entstand vor ungef\u00e4hr sechs Jahren. In den ersten Jahren war ich nur mit dem Objekt Surfboard und der Herstellung besch\u00e4ftigt. Dabei war ich so auf die Puristik des Surfboards konzentriert, dass ich ein Logo und einen damit verbundenen Markennamen als st\u00f6rend empfand. Da ich selbst kein Mensch mit besonders ausgepr\u00e4gten F\u00e4higkeiten der Selbstdarstellung bin, verkannte ich die damit verbundenen Werbungsm\u00f6glichkeiten.<\/p>\r\n<p style=\"text-align: justify;\">Nachdem ich mehrere Jahre stets ohne Logo und Markennamen gearbeitet hatte, bekam ich verst\u00e4rkt das Feedback, ich br\u00e4uchte dringend eindeutige Werte zur Widererkennung. Also ein Logo und einen Markennamen.<\/p>\r\n<p style=\"text-align: justify;\">Der Name Zach Sticks gefiel mir, da er eine Zweideutigkeit in sich in sich birgt, die den Spirit der Marke gut repr\u00e4sentiert. Zum einen erkl\u00e4rt er durch das englische Verb \u201eto stick\u201c, \u00fcbersetzt an etwas \u201ekleben\u201c, meinen Hang an Dingen wie Surfboards \u201ekleben zu bleiben\u201c. Zum anderen ist das Wort \u201eStick\u201c ein \u00e4lteres amerikanisches Synonym f\u00fcr das Sportger\u00e4t Surfboard. Es stammt aus der Zeit, als Surfboards noch kein billiges Massenprodukt, sondern individuell angefertigte Kunstwerke waren.<\/p>\r\n\r\n<hr>\r\n\r\n\t\t<\/div>\n\t\t\t\t\t<\/div>\n\n\t\r\n\r\n\n\t<div id=\"col-1568019538\" class=\"col medium-1\/1 large-12\"  >\n\t\t\t\t<div class=\"col-inner\"  >\n\t\t\t\n\t\t\t\r\n\r\n<div class=\"is-divider divider clearfix\" ><\/div>\r\n\r\n\t\t<\/div>\n\t\t\t\t\t<\/div>\n\n\t\r\n\r\n<\/div>\n","protected":false},"excerpt":{"rendered":"","protected":false},"author":1,"featured_media":0,"parent":46,"menu_order":0,"comment_status":"open","ping_status":"closed","template":"page-blank-container.php","meta":{"footnotes":""},"class_list":["post-2138","page","type-page","status-publish","hentry"],"_links":{"self":[{"href":"https:\/\/www.zachsticks.de\/zachsticks\/wp-json\/wp\/v2\/pages\/2138","targetHints":{"allow":["GET"]}}],"collection":[{"href":"https:\/\/www.zachsticks.de\/zachsticks\/wp-json\/wp\/v2\/pages"}],"about":[{"href":"https:\/\/www.zachsticks.de\/zachsticks\/wp-json\/wp\/v2\/types\/page"}],"author":[{"embeddable":true,"href":"https:\/\/www.zachsticks.de\/zachsticks\/wp-json\/wp\/v2\/users\/1"}],"replies":[{"embeddable":true,"href":"https:\/\/www.zachsticks.de\/zachsticks\/wp-json\/wp\/v2\/comments?post=2138"}],"version-history":[{"count":0,"href":"https:\/\/www.zachsticks.de\/zachsticks\/wp-json\/wp\/v2\/pages\/2138\/revisions"}],"up":[{"embeddable":true,"href":"https:\/\/www.zachsticks.de\/zachsticks\/wp-json\/wp\/v2\/pages\/46"}],"wp:attachment":[{"href":"https:\/\/www.zachsticks.de\/zachsticks\/wp-json\/wp\/v2\/media?parent=2138"}],"curies":[{"name":"wp","href":"https:\/\/api.w.org\/{rel}","templated":true}]}}